{"id":1042,"date":"2018-07-14T16:23:35","date_gmt":"2018-07-14T16:23:35","guid":{"rendered":"https:\/\/lovisa-paysagiste-macon.fr\/?page_id=1042"},"modified":"2018-07-14T16:23:35","modified_gmt":"2018-07-14T16:23:35","slug":"paysagiste-st-gengoux-de-scisse","status":"publish","type":"page","link":"https:\/\/lovisa-paysagiste-macon.fr\/index.php\/paysagiste-st-gengoux-de-scisse\/","title":{"rendered":"Paysagiste St Gengoux de Sciss\u00e9"},"content":{"rendered":"<p><img loading=\"lazy\" decoding=\"async\" class=\"alignnone wp-image-1037\" title=\"Paysagiste St Gengoux de Sciss\u00e9\" src=\"https:\/\/lovisa-paysagiste-macon.fr\/wp-content\/uploads\/2018\/07\/taille-haie-cypr\u00e8s-1-300x139.jpg\" alt=\"Paysagiste St Gengoux de Sciss\u00e9\" width=\"347\" height=\"161\" srcset=\"https:\/\/lovisa-paysagiste-macon.fr\/wp-content\/uploads\/2018\/07\/taille-haie-cypr\u00e8s-1-300x139.jpg 300w, https:\/\/lovisa-paysagiste-macon.fr\/wp-content\/uploads\/2018\/07\/taille-haie-cypr\u00e8s-1-768x355.jpg 768w, https:\/\/lovisa-paysagiste-macon.fr\/wp-content\/uploads\/2018\/07\/taille-haie-cypr\u00e8s-1-1024x473.jpg 1024w, https:\/\/lovisa-paysagiste-macon.fr\/wp-content\/uploads\/2018\/07\/taille-haie-cypr\u00e8s-1-730x340.jpg 730w, https:\/\/lovisa-paysagiste-macon.fr\/wp-content\/uploads\/2018\/07\/taille-haie-cypr\u00e8s-1-500x233.jpg 500w, https:\/\/lovisa-paysagiste-macon.fr\/wp-content\/uploads\/2018\/07\/taille-haie-cypr\u00e8s-1.jpg 1367w\" sizes=\"auto, (max-width: 347px) 100vw, 347px\" \/><\/p>\n<h2>Un Paysagiste \u00e0 St Gengoux de Sciss\u00e9<\/h2>\n<p><strong>Lovisa Paysagiste St Gengoux de Sciss\u00e9 <\/strong>\u00a0 entretien votre jardin sur Charnay (71), M\u00e2con, Cr\u00eaches sur Sa\u00f4ne\u00a0 et sa r\u00e9gion.\u00a0 Sp\u00e9cialiste du paysage de l\u2019entretien de Jardin et des espaces verts\u00a0 elle vous fait b\u00e9n\u00e9ficier de son agr\u00e9ment \u00ab\u00a0service \u00e0 la personne\u00a0\u00bb qui vous permet\u00a0 d\u2019avoir droit \u00e0 un cr\u00e9dit d\u2019imp\u00f4t de 50 % sur toute la partie\u00a0 entretien ( Tontes , taille de haies , d\u00e9sherbage , tailles d\u2019arbustes ,contrat annuels etc\u2026..)<\/p>\n<p>L\u2019entreprise <strong>Lovisa paysagiste St Gengoux de Sciss\u00e9 <\/strong>et son \u00e9quipe de jardiniers sont agr\u00e9es\u00a0 service \u00e0 la personne \/ num\u00e9ro de dossier : N\/240511\/F\/071\/S\/030 .\u00a0 <a href=\"https:\/\/lovisa-paysagiste-macon.fr\/index.php\/service-a-la-personne\/\">Plus de renseignements<\/a><\/p>\n<p>elle est \u00e9galement membre de l\u2019<strong>UNEP<\/strong> (union nationale des entreprises du paysage ) et poss\u00e8de le label \u00ab\u00a0Expert jardins\u00a0\u00bb .<\/p>\n<p>&nbsp;<\/p>\n<p>Les prestations Sont d\u00e9ductibles fiscalement sous la forme d\u2019une r\u00e9duction ou d\u2019un cr\u00e9dit d\u2019imp\u00f4t de 50% dans la limite d\u2019un plafond de 5000 \u20ac TTC de d\u00e9penses engag\u00e9es par an et par foyer fiscal, soit la possibilit\u00e9 d\u2019\u00e9conomiser jusqu\u2019\u00e0 2500\u20ac \/an .<\/p>\n<p>&nbsp;<\/p>\n<p>Pour tous renseignements : 06 99 00 88 41 \/\u00a0 71 260 St Gengoux de Sciss\u00e9<\/p>\n<p>&nbsp;<\/p>\n<p><img loading=\"lazy\" decoding=\"async\" class=\"alignnone wp-image-294 size-medium\" title=\"Paysagiste unep St Gengoux de Sciss\u00e9\" src=\"https:\/\/lovisa-paysagiste-macon.fr\/wp-content\/uploads\/2018\/05\/unep-300x96.png\" sizes=\"auto, (max-width: 300px) 100vw, 300px\" srcset=\"https:\/\/lovisa-paysagiste-macon.fr\/wp-content\/uploads\/2018\/05\/unep-300x96.png 300w, https:\/\/lovisa-paysagiste-macon.fr\/wp-content\/uploads\/2018\/05\/unep.png 398w\" alt=\"Paysagiste unep St Gengoux de Sciss\u00e9\" width=\"300\" height=\"96\" \/><\/p>\n<p>&nbsp;<\/p>\n<p><a href=\"https:\/\/lovisa-paysagiste-macon.fr\/index.php\/paysagiste-macon\/\">Paysagiste M\u00e2con<\/a><\/p>\n<p><a href=\"https:\/\/lovisa-paysagiste-macon.fr\/index.php\/paysagiste-cluny\/\">Paysagiste Cluny<\/a><\/p>\n<p><a href=\"https:\/\/lovisa-paysagiste-macon.fr\/index.php\/paysagiste-prisse\/\">Paysagiste Priss\u00e9<\/a><\/p>\n<p><a href=\"https:\/\/lovisa-paysagiste-macon.fr\/index.php\/paysagiste-hurigny\/\">Paysagiste hurigny<\/a><\/p>\n<p><a href=\"https:\/\/lovisa-paysagiste-macon.fr\/index.php\/paysagiste-roche-vineuse\/\">Paysagiste Roche Vineuse<\/a><\/p>\n<p><a href=\"https:\/\/lovisa-paysagiste-macon.fr\/index.php\/paysagiste-creches-sur-saone\/\">Paysagiste Cr\u00eaches sur Sa\u00f4ne<\/a><\/p>\n<p><a href=\"https:\/\/lovisa-paysagiste-macon.fr\/index.php\/paysagiste-ige\/\">Paysagiste Ig\u00e9<\/a><\/p>\n<p><a href=\"https:\/\/lovisa-paysagiste-macon.fr\/index.php\/paysagiste-vergisson\/\">Paysagiste vergisson<\/a><\/p>\n<p><a href=\"https:\/\/lovisa-paysagiste-macon.fr\/index.php\/paysagiste-solutre\/\">Paysagiste Solutr\u00e9<\/a><\/p>\n<p><a href=\"https:\/\/lovisa-paysagiste-macon.fr\/index.php\/paysagiste-davaye\/\">Paysagiste Davay\u00e9<\/a><\/p>\n<p>&nbsp;<\/p>\n<p><a href=\"https:\/\/lovisa-paysagiste-macon.fr\/\">Accueil<\/a><\/p>\n","protected":false},"excerpt":{"rendered":"<p>Un Paysagiste \u00e0 St Gengoux de Sciss\u00e9 Lovisa Paysagiste St Gengoux de Sciss\u00e9 \u00a0 entretien votre jardin sur Charnay (71), M\u00e2con, Cr\u00eaches sur Sa\u00f4ne\u00a0 et sa r\u00e9gion.\u00a0 Sp\u00e9cialiste du paysage de l\u2019entretien de Jardin et des espaces verts\u00a0 elle vous fait b\u00e9n\u00e9ficier de son agr\u00e9ment \u00ab\u00a0service \u00e0 la personne\u00a0\u00bb qui vous permet\u00a0 d\u2019avoir droit \u00e0<span class=\"read-more-wrap\"><a class=\"moretag\" href=\"https:\/\/lovisa-paysagiste-macon.fr\/index.php\/paysagiste-st-gengoux-de-scisse\/\">Lire la suite<span class=\"screen-reader-text\">Paysagiste St Gengoux de Sciss\u00e9<\/span><\/a><\/span><\/p>\n","protected":false},"author":1,"featured_media":0,"parent":0,"menu_order":0,"comment_status":"closed","ping_status":"closed","template":"","meta":{"footnotes":""},"class_list":["post-1042","page","type-page","status-publish","hentry"],"aioseo_notices":[],"_links":{"self":[{"href":"https:\/\/lovisa-paysagiste-macon.fr\/index.php\/wp-json\/wp\/v2\/pages\/1042","targetHints":{"allow":["GET"]}}],"collection":[{"href":"https:\/\/lovisa-paysagiste-macon.fr\/index.php\/wp-json\/wp\/v2\/pages"}],"about":[{"href":"https:\/\/lovisa-paysagiste-macon.fr\/index.php\/wp-json\/wp\/v2\/types\/page"}],"author":[{"embeddable":true,"href":"https:\/\/lovisa-paysagiste-macon.fr\/index.php\/wp-json\/wp\/v2\/users\/1"}],"replies":[{"embeddable":true,"href":"https:\/\/lovisa-paysagiste-macon.fr\/index.php\/wp-json\/wp\/v2\/comments?post=1042"}],"version-history":[{"count":1,"href":"https:\/\/lovisa-paysagiste-macon.fr\/index.php\/wp-json\/wp\/v2\/pages\/1042\/revisions"}],"predecessor-version":[{"id":1043,"href":"https:\/\/lovisa-paysagiste-macon.fr\/index.php\/wp-json\/wp\/v2\/pages\/1042\/revisions\/1043"}],"wp:attachment":[{"href":"https:\/\/lovisa-paysagiste-macon.fr\/index.php\/wp-json\/wp\/v2\/media?parent=1042"}],"curies":[{"name":"wp","href":"https:\/\/api.w.org\/{rel}","templated":true}]}}