{"id":1113,"date":"2018-10-03T21:02:39","date_gmt":"2018-10-03T21:02:39","guid":{"rendered":"https:\/\/lovisa-paysagiste-macon.fr\/?page_id=1113"},"modified":"2018-10-03T21:07:33","modified_gmt":"2018-10-03T21:07:33","slug":"paysagiste-peronne","status":"publish","type":"page","link":"https:\/\/lovisa-paysagiste-macon.fr\/index.php\/paysagiste-peronne\/","title":{"rendered":"Paysagiste P\u00e9ronne"},"content":{"rendered":"<p><img loading=\"lazy\" decoding=\"async\" class=\"wp-image-1114 size-medium\" title=\"Paysagiste P\u00e9ronne\" src=\"https:\/\/lovisa-paysagiste-macon.fr\/wp-content\/uploads\/2018\/10\/P1270688-300x225.jpg\" alt=\"Paysagiste P\u00e9ronne\" width=\"300\" height=\"225\" srcset=\"https:\/\/lovisa-paysagiste-macon.fr\/wp-content\/uploads\/2018\/10\/P1270688-300x225.jpg 300w, https:\/\/lovisa-paysagiste-macon.fr\/wp-content\/uploads\/2018\/10\/P1270688-768x576.jpg 768w, https:\/\/lovisa-paysagiste-macon.fr\/wp-content\/uploads\/2018\/10\/P1270688-1024x768.jpg 1024w\" sizes=\"auto, (max-width: 300px) 100vw, 300px\" \/><\/p>\n<h2><span style=\"font-size: 14pt;\"><strong>Une entreprise paysagiste \u00e0 votre service sur P\u00e9ronne et sa r\u00e9gion (71260)<\/strong><\/span><\/h2>\n<p><strong>Lovisa Paysagiste P\u00e9ronne<\/strong> entretien votre jardin sur Peronne, Az\u00e9, Cless\u00e9, Vir\u00e9, Lugny et sa r\u00e9gion.\u00a0 Sp\u00e9cialiste du paysage de l\u2019entretien de Jardin et des espaces verts\u00a0 elle vous fait b\u00e9n\u00e9ficier de son agr\u00e9ment \u00ab\u00a0service \u00e0 la personne\u00a0\u00bb qui vous permet\u00a0 d\u2019avoir droit \u00e0 un cr\u00e9dit d\u2019imp\u00f4t de 50 % sur toute la partie\u00a0 entretien ( Tontes , taille de haies , d\u00e9sherbage , tailles d\u2019arbustes , etc\u2026..)<\/p>\n<p>L\u2019entreprise\u00a0<strong>Lovisa paysagiste P\u00e9ronne<\/strong> et son \u00e9quipe de jardiniers sont agr\u00e9es service \u00e0 la personne \/ num\u00e9ro de dossier : N\/240511\/F\/071\/S\/030 .\u00a0\u00a0 <a href=\"https:\/\/lovisa-paysagiste-macon.fr\/index.php\/service-a-la-personne\/\">Plus de renseignements <\/a><\/p>\n<p>elle est \u00e9galement membre de l\u2019<strong>UNEP<\/strong> (union nationale des entreprises du paysage ) et poss\u00e8de le label \u00ab\u00a0Expert jardins\u00a0\u00bb .<\/p>\n<p><img loading=\"lazy\" decoding=\"async\" class=\"alignnone wp-image-1093\" title=\"credit d'impot paysagiste Peronne\" src=\"https:\/\/lovisa-paysagiste-macon.fr\/wp-content\/uploads\/2018\/08\/credit-dimpot.png\" sizes=\"auto, (max-width: 186px) 100vw, 186px\" srcset=\"https:\/\/lovisa-paysagiste-macon.fr\/wp-content\/uploads\/2018\/08\/credit-dimpot.png 200w, https:\/\/lovisa-paysagiste-macon.fr\/wp-content\/uploads\/2018\/08\/credit-dimpot-150x150.png 150w\" alt=\"credit d'impot paysagiste Peronne\" width=\"186\" height=\"186\" \/><\/p>\n<h2><strong>Prestations<\/strong><\/h2>\n<p>Les prestations Sont d\u00e9ductibles fiscalement sous la forme d\u2019une r\u00e9duction ou d\u2019un cr\u00e9dit d\u2019imp\u00f4t de 50% dans la limite d\u2019un plafond de 5000 \u20ac TTC de d\u00e9penses engag\u00e9es par an et par foyer fiscal, soit la possibilit\u00e9 d\u2019\u00e9conomiser jusqu\u2019\u00e0 2500\u20ac \/an .<\/p>\n<p><img loading=\"lazy\" decoding=\"async\" class=\"alignnone wp-image-294 size-medium\" title=\"Paysagiste M\u00e2con unep\" src=\"https:\/\/lovisa-paysagiste-macon.fr\/wp-content\/uploads\/2018\/05\/unep-300x96.png\" sizes=\"auto, (max-width: 300px) 100vw, 300px\" srcset=\"https:\/\/lovisa-paysagiste-macon.fr\/wp-content\/uploads\/2018\/05\/unep-300x96.png 300w, https:\/\/lovisa-paysagiste-macon.fr\/wp-content\/uploads\/2018\/05\/unep.png 398w\" alt=\"Paysagiste M\u00e2con unep\" width=\"300\" height=\"96\" \/><\/p>\n<p>&nbsp;<\/p>\n<p><a href=\"https:\/\/lovisa-paysagiste-macon.fr\/index.php\/contact\/\">Pour tous renseignements<\/a> : 06 99 00 88 41 \/ 71260 Peronne<\/p>\n<p>&nbsp;<\/p>\n<h3><strong>Domaine d\u2019intervention\u00a0 :<\/strong><\/h3>\n<p>Votre paysagiste intervient sur une zone\u00a0 de 20 kilom\u00e8tres autour de M\u00e2con\u00a0 sur les communes de <strong>M\u00e2con, Charnay les M\u00e2con, Sanc\u00e9, Flac\u00e9, Hurigny, Creches sur Sa\u00f4ne, Priss\u00e9, Roche vineuse, Sologny, Vergisson, chaintr\u00e9, ch\u00e2nes, Solutr\u00e9, Pierreclos, Pouilly, Fuiss\u00e9, Bag\u00e9, Gri\u00e8ges, Berz\u00e9 la Ville, Ig\u00e9, Az\u00e9, Chevagny les chevri\u00e8res, Cluny, cormatin, Jalogny, Senozan, St Martin Belle Roche,\u00a0\u00a0 etc\u2026.<\/strong><\/p>\n<h3><strong>\u00a0<\/strong><\/h3>\n<p>&nbsp;<\/p>\n<p>&nbsp;<\/p>\n<p><a href=\"https:\/\/lovisa-paysagiste-macon.fr\/index.php\/paysagiste-charnay\/\">Paysagiste Charnay les M\u00e2con<\/a><\/p>\n<p><a href=\"https:\/\/lovisa-paysagiste-macon.fr\/index.php\/paysagiste-cluny\/\">Paysagiste Cluny<\/a><\/p>\n<p><a href=\"https:\/\/lovisa-paysagiste-macon.fr\/index.php\/paysagiste-prisse\/\">Paysagiste Priss\u00e9<\/a><\/p>\n<p><a href=\"https:\/\/lovisa-paysagiste-macon.fr\/index.php\/paysagiste-hurigny\/\">Paysagiste hurigny<\/a><\/p>\n<p><a href=\"https:\/\/lovisa-paysagiste-macon.fr\/index.php\/paysagiste-roche-vineuse\/\">Paysagiste Roche Vineuse<\/a><\/p>\n<p><a href=\"https:\/\/lovisa-paysagiste-macon.fr\/index.php\/paysagiste-creches-sur-saone\/\">Paysagiste Cr\u00eaches sur Sa\u00f4ne<\/a><\/p>\n<p><a href=\"https:\/\/lovisa-paysagiste-macon.fr\/index.php\/paysagiste-ige\/\">Paysagiste Ig\u00e9<\/a><\/p>\n<p><a href=\"https:\/\/lovisa-paysagiste-macon.fr\/index.php\/paysagiste-vergisson\/\">Paysagiste vergisson<\/a><\/p>\n<p><a href=\"https:\/\/lovisa-paysagiste-macon.fr\/index.php\/paysagiste-solutre\/\">Paysagiste Solutr\u00e9<\/a><\/p>\n<p><a href=\"https:\/\/lovisa-paysagiste-macon.fr\/index.php\/paysagiste-davaye\/\">Paysagiste Davay\u00e9<\/a><\/p>\n<p>&nbsp;<\/p>\n<p style=\"text-align: center;\"><a href=\"https:\/\/lovisa-paysagiste-macon.fr\/\">Accueil<\/a><\/p>\n","protected":false},"excerpt":{"rendered":"<p>Une entreprise paysagiste \u00e0 votre service sur P\u00e9ronne et sa r\u00e9gion (71260) Lovisa Paysagiste P\u00e9ronne entretien votre jardin sur Peronne, Az\u00e9, Cless\u00e9, Vir\u00e9, Lugny et sa r\u00e9gion.\u00a0 Sp\u00e9cialiste du paysage de l\u2019entretien de Jardin et des espaces verts\u00a0 elle vous fait b\u00e9n\u00e9ficier de son agr\u00e9ment \u00ab\u00a0service \u00e0 la personne\u00a0\u00bb qui vous permet\u00a0 d\u2019avoir droit \u00e0<span class=\"read-more-wrap\"><a class=\"moretag\" href=\"https:\/\/lovisa-paysagiste-macon.fr\/index.php\/paysagiste-peronne\/\">Lire la suite<span class=\"screen-reader-text\">Paysagiste P\u00e9ronne<\/span><\/a><\/span><\/p>\n","protected":false},"author":1,"featured_media":0,"parent":0,"menu_order":0,"comment_status":"closed","ping_status":"closed","template":"","meta":{"footnotes":""},"class_list":["post-1113","page","type-page","status-publish","hentry"],"aioseo_notices":[],"_links":{"self":[{"href":"https:\/\/lovisa-paysagiste-macon.fr\/index.php\/wp-json\/wp\/v2\/pages\/1113","targetHints":{"allow":["GET"]}}],"collection":[{"href":"https:\/\/lovisa-paysagiste-macon.fr\/index.php\/wp-json\/wp\/v2\/pages"}],"about":[{"href":"https:\/\/lovisa-paysagiste-macon.fr\/index.php\/wp-json\/wp\/v2\/types\/page"}],"author":[{"embeddable":true,"href":"https:\/\/lovisa-paysagiste-macon.fr\/index.php\/wp-json\/wp\/v2\/users\/1"}],"replies":[{"embeddable":true,"href":"https:\/\/lovisa-paysagiste-macon.fr\/index.php\/wp-json\/wp\/v2\/comments?post=1113"}],"version-history":[{"count":6,"href":"https:\/\/lovisa-paysagiste-macon.fr\/index.php\/wp-json\/wp\/v2\/pages\/1113\/revisions"}],"predecessor-version":[{"id":1121,"href":"https:\/\/lovisa-paysagiste-macon.fr\/index.php\/wp-json\/wp\/v2\/pages\/1113\/revisions\/1121"}],"wp:attachment":[{"href":"https:\/\/lovisa-paysagiste-macon.fr\/index.php\/wp-json\/wp\/v2\/media?parent=1113"}],"curies":[{"name":"wp","href":"https:\/\/api.w.org\/{rel}","templated":true}]}}