{"id":200,"date":"2018-05-02T19:13:17","date_gmt":"2018-05-02T19:13:17","guid":{"rendered":"https:\/\/lovisa-paysagiste-macon.fr\/?page_id=200"},"modified":"2018-07-18T09:23:52","modified_gmt":"2018-07-18T09:23:52","slug":"elagage-macon","status":"publish","type":"page","link":"https:\/\/lovisa-paysagiste-macon.fr\/index.php\/elagage-macon\/","title":{"rendered":"Elagage M\u00e2con"},"content":{"rendered":"<p><img loading=\"lazy\" decoding=\"async\" class=\"alignnone wp-image-202\" title=\"Elagage M\u00e2con \" src=\"https:\/\/lovisa-paysagiste-macon.fr\/wp-content\/uploads\/2018\/05\/elagage-300x225.jpg\" alt=\"Elagage M\u00e2con \" width=\"467\" height=\"350\" srcset=\"https:\/\/lovisa-paysagiste-macon.fr\/wp-content\/uploads\/2018\/05\/elagage-300x225.jpg 300w, https:\/\/lovisa-paysagiste-macon.fr\/wp-content\/uploads\/2018\/05\/elagage-768x576.jpg 768w, https:\/\/lovisa-paysagiste-macon.fr\/wp-content\/uploads\/2018\/05\/elagage-1024x768.jpg 1024w, https:\/\/lovisa-paysagiste-macon.fr\/wp-content\/uploads\/2018\/05\/elagage.jpg 2048w\" sizes=\"auto, (max-width: 467px) 100vw, 467px\" \/><\/p>\n<p>&nbsp;<\/p>\n<div id=\"texte\">\n<p><strong>Elagueur<\/strong> \u00e0 M\u00e2con en Sa\u00f4ne et Loire (71) depuis plus de 15 ans\u00a0<strong>Lovisa \u00e9lagage M\u00e2con<\/strong>\u00a0s\u2019occupe de vos arbres dans le respect de l\u2019environnement.<\/p>\n<p>Notre entreprise Sp\u00e9cialis\u00e9e dans l\u2019\u00e9lagage l\u2019abattage et le soin de vos arbres saura vous conseiller et vous orienter vers l\u2019intervention la mieux adapt\u00e9 \u00e0 vos besoins .<\/p>\n<p><strong>Lovisa \u00e9lagage M\u00e2con<\/strong>\u00a0propose\u00a0<strong>plusieurs types d\u2019\u00e9lagage et de taille<\/strong>.<\/p>\n<ul type=\"disc\">\n<li>Mise en forme<\/li>\n<li>All\u00e9gement\u00a0des grosses branches dites charpenti\u00e8res<\/li>\n<li>Mise en s\u00e9curit\u00e9\u00a0(prise au vent, branches dangereuses en toiture, fa\u00e7ade, ligne \u00e9lectrique ou t\u00e9l\u00e9phonique)<\/li>\n<li>Enl\u00e8vement et destruction\u00a0de nids de chenilles processionnaires.<\/li>\n<li>Taille de nettoyage\u00a0ou toilettage\u00a0consistant \u00e0 a\u00e9rer l&rsquo;int\u00e9rieur de l\u2019arbre et supprimer les rameaux morts (convient tr\u00e8s bien aux pins, ch\u00eanes\u2026)<\/li>\n<li>Taille de rehaussement permettant de d\u00e9gager le bas de l&rsquo;arbre afin de lui donner une stature plus imposante<\/li>\n<li>Taille douce\u00a0permet d&rsquo;entretenir l&rsquo;arbre sans provoquer de gros stress pour le v\u00e9g\u00e9tal<\/li>\n<li>Taille de resserrage\u00a0:\u00a0pour r\u00e9duire le port d\u2019un arbre<\/li>\n<\/ul>\n<p>Nous sommes Bas\u00e9s sur M\u00e2con mais nous travaillons aussi sur toutes les villes de la r\u00e9gion : <strong>Macon , cr\u00eaches ,Charnay les M\u00e2con , Cluny ,Davay\u00e9 ,Pierreclos , Replonges ,Priss\u00e9 , Berz\u00e9 , Solutr\u00e9 , Roche Vineuse , Hurigny, Sanc\u00e9 , Verz\u00e9 , Tramayes ,Chevagny , Chasselas ,Senozan , St martin Belle Roche , Ig\u00e9 , Az\u00e9 &#8230;&#8230;&#8230;<br \/>\n<\/strong><\/p>\n<\/div>\n<div>\n<p>pour tous renseignements : 06 99 00 88 41<\/p>\n<\/div>\n<div class=\"llorix-one-lite-video-container\">\n<blockquote class=\"wp-embedded-content\" data-secret=\"vsJVnI5fn5\"><p><a href=\"https:\/\/lovisa-paysagiste-macon.fr\/\">Accueil<\/a><\/p><\/blockquote>\n<p><iframe loading=\"lazy\" class=\"wp-embedded-content\" sandbox=\"allow-scripts\" security=\"restricted\" style=\"position: absolute; clip: rect(1px, 1px, 1px, 1px);\" src=\"https:\/\/lovisa-paysagiste-macon.fr\/embed\/#?secret=vsJVnI5fn5\" data-secret=\"vsJVnI5fn5\" width=\"600\" height=\"338\" title=\"\u00ab\u00a0Accueil\u00a0\u00bb &#8212; Lovisa Paysagiste M\u00e2con\" frameborder=\"0\" marginwidth=\"0\" marginheight=\"0\" scrolling=\"no\"><\/iframe><\/div>\n<div>\n<table>\n<tbody>\n<tr>\n<td><\/td>\n<\/tr>\n<\/tbody>\n<\/table>\n<\/div>\n","protected":false},"excerpt":{"rendered":"<p>&nbsp; Elagueur \u00e0 M\u00e2con en Sa\u00f4ne et Loire (71) depuis plus de 15 ans\u00a0Lovisa \u00e9lagage M\u00e2con\u00a0s\u2019occupe de vos arbres dans le respect de l\u2019environnement. Notre entreprise Sp\u00e9cialis\u00e9e dans l\u2019\u00e9lagage l\u2019abattage et le soin de vos arbres saura vous conseiller et vous orienter vers l\u2019intervention la mieux adapt\u00e9 \u00e0 vos besoins . Lovisa \u00e9lagage M\u00e2con\u00a0propose\u00a0plusieurs types<span class=\"read-more-wrap\"><a class=\"moretag\" href=\"https:\/\/lovisa-paysagiste-macon.fr\/index.php\/elagage-macon\/\">Lire la suite<span class=\"screen-reader-text\">Elagage M\u00e2con<\/span><\/a><\/span><\/p>\n","protected":false},"author":1,"featured_media":0,"parent":0,"menu_order":0,"comment_status":"closed","ping_status":"closed","template":"","meta":{"footnotes":""},"class_list":["post-200","page","type-page","status-publish","hentry"],"aioseo_notices":[],"_links":{"self":[{"href":"https:\/\/lovisa-paysagiste-macon.fr\/index.php\/wp-json\/wp\/v2\/pages\/200","targetHints":{"allow":["GET"]}}],"collection":[{"href":"https:\/\/lovisa-paysagiste-macon.fr\/index.php\/wp-json\/wp\/v2\/pages"}],"about":[{"href":"https:\/\/lovisa-paysagiste-macon.fr\/index.php\/wp-json\/wp\/v2\/types\/page"}],"author":[{"embeddable":true,"href":"https:\/\/lovisa-paysagiste-macon.fr\/index.php\/wp-json\/wp\/v2\/users\/1"}],"replies":[{"embeddable":true,"href":"https:\/\/lovisa-paysagiste-macon.fr\/index.php\/wp-json\/wp\/v2\/comments?post=200"}],"version-history":[{"count":6,"href":"https:\/\/lovisa-paysagiste-macon.fr\/index.php\/wp-json\/wp\/v2\/pages\/200\/revisions"}],"predecessor-version":[{"id":649,"href":"https:\/\/lovisa-paysagiste-macon.fr\/index.php\/wp-json\/wp\/v2\/pages\/200\/revisions\/649"}],"wp:attachment":[{"href":"https:\/\/lovisa-paysagiste-macon.fr\/index.php\/wp-json\/wp\/v2\/media?parent=200"}],"curies":[{"name":"wp","href":"https:\/\/api.w.org\/{rel}","templated":true}]}}