{"id":211,"date":"2018-05-04T16:27:07","date_gmt":"2018-05-04T16:27:07","guid":{"rendered":"https:\/\/lovisa-paysagiste-macon.fr\/?page_id=211"},"modified":"2022-08-03T20:17:41","modified_gmt":"2022-08-03T20:17:41","slug":"partenaires","status":"publish","type":"page","link":"https:\/\/lovisa-paysagiste-macon.fr\/index.php\/partenaires\/","title":{"rendered":"Partenaires"},"content":{"rendered":"<p><a href=\"https:\/\/www.facebook.com\/lesfleursdujardin\/\">Les fleurs du jardin <\/a><\/p>\n<p><a href=\"https:\/\/www.facebook.com\/lesoiseauxdujardin\/\">Les oiseaux du jardin <\/a><\/p>\n<p><a href=\"https:\/\/www.frequenceterre.com\">Frequence Terre <\/a><\/p>\n<p><a href=\"http:\/\/elagage-macon.fr\/\">Elagage M\u00e2con <\/a><\/p>\n<p><a href=\"https:\/\/paysagiste-macon.fr\/\">Un Paysagiste \u00e0 M\u00e2con <\/a><\/p>\n<p><a href=\"http:\/\/www.nosavis.com\/\">Nos avis.com<\/a><\/p>\n<p><a href=\"https:\/\/www.118box.com\/\">Partenaire 118 box<\/a><\/p>\n<p><a href=\"http:\/\/paysagisteo.fr\/71\/berze-la-ville\/lovisa-paysagiste-macon-ogj\">paysagisteo.fr<\/a><\/p>\n<p><a href=\"https:\/\/paysagiste-cluny.fr\/\">Un paysagiste \u00e0 Cluny <\/a><\/p>\n<p><a href=\"https:\/\/lejardindesoiseaux.fr\/\">le jardin des oiseaux<\/a><\/p>\n","protected":false},"excerpt":{"rendered":"<p>Les fleurs du jardin Les oiseaux du jardin Frequence Terre Elagage M\u00e2con Un Paysagiste \u00e0 M\u00e2con Nos avis.com Partenaire 118 box paysagisteo.fr Un paysagiste \u00e0 Cluny le jardin des oiseaux<\/p>\n","protected":false},"author":1,"featured_media":0,"parent":0,"menu_order":0,"comment_status":"closed","ping_status":"closed","template":"","meta":{"footnotes":""},"class_list":["post-211","page","type-page","status-publish","hentry"],"aioseo_notices":[],"_links":{"self":[{"href":"https:\/\/lovisa-paysagiste-macon.fr\/index.php\/wp-json\/wp\/v2\/pages\/211","targetHints":{"allow":["GET"]}}],"collection":[{"href":"https:\/\/lovisa-paysagiste-macon.fr\/index.php\/wp-json\/wp\/v2\/pages"}],"about":[{"href":"https:\/\/lovisa-paysagiste-macon.fr\/index.php\/wp-json\/wp\/v2\/types\/page"}],"author":[{"embeddable":true,"href":"https:\/\/lovisa-paysagiste-macon.fr\/index.php\/wp-json\/wp\/v2\/users\/1"}],"replies":[{"embeddable":true,"href":"https:\/\/lovisa-paysagiste-macon.fr\/index.php\/wp-json\/wp\/v2\/comments?post=211"}],"version-history":[{"count":17,"href":"https:\/\/lovisa-paysagiste-macon.fr\/index.php\/wp-json\/wp\/v2\/pages\/211\/revisions"}],"predecessor-version":[{"id":1153,"href":"https:\/\/lovisa-paysagiste-macon.fr\/index.php\/wp-json\/wp\/v2\/pages\/211\/revisions\/1153"}],"wp:attachment":[{"href":"https:\/\/lovisa-paysagiste-macon.fr\/index.php\/wp-json\/wp\/v2\/media?parent=211"}],"curies":[{"name":"wp","href":"https:\/\/api.w.org\/{rel}","templated":true}]}}