{"id":259,"date":"2018-05-08T14:23:47","date_gmt":"2018-05-08T14:23:47","guid":{"rendered":"https:\/\/lovisa-paysagiste-macon.fr\/?page_id=259"},"modified":"2018-06-25T16:24:36","modified_gmt":"2018-06-25T16:24:36","slug":"paysagiste-solutre","status":"publish","type":"page","link":"https:\/\/lovisa-paysagiste-macon.fr\/index.php\/paysagiste-solutre\/","title":{"rendered":"Paysagiste Solutr\u00e9"},"content":{"rendered":"<figure id=\"attachment_260\" aria-describedby=\"caption-attachment-260\" style=\"width: 300px\" class=\"wp-caption alignnone\"><img loading=\"lazy\" decoding=\"async\" class=\"wp-image-260 size-medium\" title=\"tonte \u00e0 Solutr\u00e9\" src=\"https:\/\/lovisa-paysagiste-macon.fr\/wp-content\/uploads\/2018\/05\/P1640817-300x200.jpg\" alt=\"tonte \u00e0 Solutr\u00e9\" width=\"300\" height=\"200\" srcset=\"https:\/\/lovisa-paysagiste-macon.fr\/wp-content\/uploads\/2018\/05\/P1640817-300x200.jpg 300w, https:\/\/lovisa-paysagiste-macon.fr\/wp-content\/uploads\/2018\/05\/P1640817-768x512.jpg 768w, https:\/\/lovisa-paysagiste-macon.fr\/wp-content\/uploads\/2018\/05\/P1640817-1024x683.jpg 1024w\" sizes=\"auto, (max-width: 300px) 100vw, 300px\" \/><figcaption id=\"caption-attachment-260\" class=\"wp-caption-text\">tonte \u00e0 Solutr\u00e9<\/figcaption><\/figure>\n<p><strong>Lovisa Paysagiste Solutr\u00e9 <\/strong>\u00a0 entretien votre jardin sur Solutr\u00e9, Leynes ,Cenves, Fuiss\u00e9, st amour, saint v\u00e9rand et sa r\u00e9gion.\u00a0 Sp\u00e9cialiste de l\u2019entretien de Jardin il vous fait b\u00e9n\u00e9ficier de son agr\u00e9ment \u00ab\u00a0service \u00e0 la personne\u00a0\u00bb qui vous permet de d\u2019avoir droit \u00e0 un cr\u00e9dit d\u2019imp\u00f4t de 50 % sur tout la partie\u00a0 entretien ( \u2018Tontes , taille de haies , d\u00e9sherbage , tailles d\u2019arbustes , etc\u2026..)<\/p>\n<p>L\u2019entreprise <strong>Lovisa paysagiste Solutr\u00e9<\/strong> et son \u00e9quipe de jardiniers sont agr\u00e9es service \u00e0 la personne \/ num\u00e9ro de dossier : N\/240511\/F\/071\/S\/030 .<\/p>\n<p>elle est \u00e9galement membre de l\u2019<strong>UNEP<\/strong> (union nationale des entreprises du paysage ) et poss\u00e8de le label \u00ab\u00a0Expert jardins\u00a0\u00bb .<\/p>\n<p><img loading=\"lazy\" decoding=\"async\" class=\"alignnone wp-image-294 size-medium\" title=\"Paysagiste Solutr\u00e9 unep\" src=\"https:\/\/lovisa-paysagiste-macon.fr\/wp-content\/uploads\/2018\/05\/unep-300x96.png\" alt=\"Paysagiste Solutr\u00e9 unep\" width=\"300\" height=\"96\" srcset=\"https:\/\/lovisa-paysagiste-macon.fr\/wp-content\/uploads\/2018\/05\/unep-300x96.png 300w, https:\/\/lovisa-paysagiste-macon.fr\/wp-content\/uploads\/2018\/05\/unep.png 398w\" sizes=\"auto, (max-width: 300px) 100vw, 300px\" \/><\/p>\n<p>&nbsp;<\/p>\n<p>Pour tous renseignements : 06 99 00 88 41\/ 71960 Solutr\u00e9<\/p>\n<p><a href=\"https:\/\/lovisa-paysagiste-macon.fr\/index.php\/paysagiste-macon\/\">Paysagiste M\u00e2con<\/a><\/p>\n<p><a href=\"https:\/\/lovisa-paysagiste-macon.fr\/index.php\/paysagiste-charnay\/\">Paysagiste Charnay les M\u00e2con<\/a><\/p>\n<p><a href=\"https:\/\/lovisa-paysagiste-macon.fr\/index.php\/paysagiste-cluny\/\">Paysagiste Cluny<\/a><\/p>\n<p><a href=\"https:\/\/lovisa-paysagiste-macon.fr\/index.php\/paysagiste-prisse\/\">Paysagiste Priss\u00e9<\/a><\/p>\n<p><a href=\"https:\/\/lovisa-paysagiste-macon.fr\/index.php\/paysagiste-hurigny\/\">Paysagiste hurigny<\/a><\/p>\n<p><a href=\"https:\/\/lovisa-paysagiste-macon.fr\/index.php\/paysagiste-roche-vineuse\/\">Paysagiste Roche Vineuse<\/a><\/p>\n<p><a href=\"https:\/\/lovisa-paysagiste-macon.fr\/index.php\/paysagiste-creches-sur-saone\/\">Paysagiste Cr\u00eaches sur Sa\u00f4ne<\/a><\/p>\n<p><a href=\"https:\/\/lovisa-paysagiste-macon.fr\/index.php\/paysagiste-ige\/\">Paysagiste Ig\u00e9<\/a><\/p>\n<p><a href=\"https:\/\/lovisa-paysagiste-macon.fr\/index.php\/paysagiste-vergisson\/\">Paysagiste vergisson<\/a><\/p>\n<p><a href=\"https:\/\/lovisa-paysagiste-macon.fr\/index.php\/paysagiste-davaye\/\">Paysagiste Davay\u00e9<\/a><\/p>\n<p>&nbsp;<\/p>\n<p><a href=\"https:\/\/lovisa-paysagiste-macon.fr\/\">Accueil<\/a><\/p>\n","protected":false},"excerpt":{"rendered":"<p>Lovisa Paysagiste Solutr\u00e9 \u00a0 entretien votre jardin sur Solutr\u00e9, Leynes ,Cenves, Fuiss\u00e9, st amour, saint v\u00e9rand et sa r\u00e9gion.\u00a0 Sp\u00e9cialiste de l\u2019entretien de Jardin il vous fait b\u00e9n\u00e9ficier de son agr\u00e9ment \u00ab\u00a0service \u00e0 la personne\u00a0\u00bb qui vous permet de d\u2019avoir droit \u00e0 un cr\u00e9dit d\u2019imp\u00f4t de 50 % sur tout la partie\u00a0 entretien ( \u2018Tontes<span class=\"read-more-wrap\"><a class=\"moretag\" href=\"https:\/\/lovisa-paysagiste-macon.fr\/index.php\/paysagiste-solutre\/\">Lire la suite<span class=\"screen-reader-text\">Paysagiste Solutr\u00e9<\/span><\/a><\/span><\/p>\n","protected":false},"author":1,"featured_media":0,"parent":0,"menu_order":0,"comment_status":"closed","ping_status":"closed","template":"","meta":{"footnotes":""},"class_list":["post-259","page","type-page","status-publish","hentry"],"aioseo_notices":[],"_links":{"self":[{"href":"https:\/\/lovisa-paysagiste-macon.fr\/index.php\/wp-json\/wp\/v2\/pages\/259","targetHints":{"allow":["GET"]}}],"collection":[{"href":"https:\/\/lovisa-paysagiste-macon.fr\/index.php\/wp-json\/wp\/v2\/pages"}],"about":[{"href":"https:\/\/lovisa-paysagiste-macon.fr\/index.php\/wp-json\/wp\/v2\/types\/page"}],"author":[{"embeddable":true,"href":"https:\/\/lovisa-paysagiste-macon.fr\/index.php\/wp-json\/wp\/v2\/users\/1"}],"replies":[{"embeddable":true,"href":"https:\/\/lovisa-paysagiste-macon.fr\/index.php\/wp-json\/wp\/v2\/comments?post=259"}],"version-history":[{"count":8,"href":"https:\/\/lovisa-paysagiste-macon.fr\/index.php\/wp-json\/wp\/v2\/pages\/259\/revisions"}],"predecessor-version":[{"id":805,"href":"https:\/\/lovisa-paysagiste-macon.fr\/index.php\/wp-json\/wp\/v2\/pages\/259\/revisions\/805"}],"wp:attachment":[{"href":"https:\/\/lovisa-paysagiste-macon.fr\/index.php\/wp-json\/wp\/v2\/media?parent=259"}],"curies":[{"name":"wp","href":"https:\/\/api.w.org\/{rel}","templated":true}]}}