{"id":384,"date":"2018-05-19T20:44:44","date_gmt":"2018-05-19T20:44:44","guid":{"rendered":"https:\/\/lovisa-paysagiste-macon.fr\/?page_id=384"},"modified":"2018-07-29T08:18:29","modified_gmt":"2018-07-29T08:18:29","slug":"paysagiste-saone-et-loire","status":"publish","type":"page","link":"https:\/\/lovisa-paysagiste-macon.fr\/index.php\/paysagiste-saone-et-loire\/","title":{"rendered":"Paysagiste Sa\u00f4ne et loire"},"content":{"rendered":"<figure id=\"attachment_387\" aria-describedby=\"caption-attachment-387\" style=\"width: 376px\" class=\"wp-caption alignnone\"><img loading=\"lazy\" decoding=\"async\" class=\"wp-image-387\" title=\"paysagiste de saone et loire\" src=\"https:\/\/lovisa-paysagiste-macon.fr\/wp-content\/uploads\/2018\/05\/P1280494-002-300x118.jpg\" alt=\"Paysagiste Saone et loire \" width=\"376\" height=\"148\" srcset=\"https:\/\/lovisa-paysagiste-macon.fr\/wp-content\/uploads\/2018\/05\/P1280494-002-300x118.jpg 300w, https:\/\/lovisa-paysagiste-macon.fr\/wp-content\/uploads\/2018\/05\/P1280494-002-768x301.jpg 768w, https:\/\/lovisa-paysagiste-macon.fr\/wp-content\/uploads\/2018\/05\/P1280494-002-1024x402.jpg 1024w\" sizes=\"auto, (max-width: 376px) 100vw, 376px\" \/><figcaption id=\"caption-attachment-387\" class=\"wp-caption-text\">Paysage de Sa\u00f4ne et Loire (Roche de Solutr\u00e9)<\/figcaption><\/figure>\n<h2><span style=\"font-size: 12pt;\">Une entreprise paysagiste en Sa\u00f4ne et Loire <\/span><\/h2>\n<p>L&rsquo;entreprise<strong> Lovisa Paysagiste Sa\u00f4ne et Loire\u00a0<\/strong>\u00a0 entretien votre jardin sur toute la Sa\u00f4ne et Loire et principalement dans le \u00a0 71 aux alentours de M\u00e2con .\u00a0 Sp\u00e9cialiste de l\u2019entretien de Jardin elle vous fait b\u00e9n\u00e9ficier de son agr\u00e9ment \u00ab\u00a0service \u00e0 la personne\u00a0\u00bb qui vous permet d\u2019avoir droit \u00e0 un cr\u00e9dit d\u2019imp\u00f4t de 50 % sur tout la partie\u00a0 entretien (Tontes , taille de haies , d\u00e9sherbage , tailles d\u2019arbustes , etc\u2026..)<\/p>\n<p>L\u2019entreprise <strong>Lovisa paysagiste <\/strong>en<strong> Sa\u00f4ne et Loire<\/strong> et son \u00e9quipe de jardiniers sont agr\u00e9es service \u00e0 la personne \/ num\u00e9ro de dossier : N\/240511\/F\/071\/S\/030 .<\/p>\n<p>elle est \u00e9galement membre de l\u2019<strong>UNEP<\/strong> (union nationale des entreprises du paysage ) et poss\u00e8de le label \u00ab\u00a0Expert jardins\u00a0\u00bb .<\/p>\n<p>&nbsp;<\/p>\n<p>Les prestations Sont d\u00e9ductibles fiscalement sous la forme d\u2019une r\u00e9duction ou d\u2019un cr\u00e9dit d\u2019imp\u00f4t de 50% dans la limite d\u2019un plafond de 5000 \u20ac TTC de d\u00e9penses engag\u00e9es par an et par foyer fiscal, soit la possibilit\u00e9 d\u2019\u00e9conomiser jusqu\u2019\u00e0 2500\u20ac \/an .<\/p>\n<p>&nbsp;<\/p>\n<p>Pour tous renseignements : 06 99 00 88 41 \/ Sa\u00f4ne et Loire<\/p>\n<p>&nbsp;<\/p>\n<p><img loading=\"lazy\" decoding=\"async\" class=\"alignnone wp-image-294 size-medium\" title=\"Paysagiste Saone et Loire\" src=\"https:\/\/lovisa-paysagiste-macon.fr\/wp-content\/uploads\/2018\/05\/unep-300x96.png\" alt=\"Paysagiste Saone et Loire\" width=\"300\" height=\"96\" srcset=\"https:\/\/lovisa-paysagiste-macon.fr\/wp-content\/uploads\/2018\/05\/unep-300x96.png 300w, https:\/\/lovisa-paysagiste-macon.fr\/wp-content\/uploads\/2018\/05\/unep.png 398w\" sizes=\"auto, (max-width: 300px) 100vw, 300px\" \/><\/p>\n","protected":false},"excerpt":{"rendered":"<p>Une entreprise paysagiste en Sa\u00f4ne et Loire L&rsquo;entreprise Lovisa Paysagiste Sa\u00f4ne et Loire\u00a0\u00a0 entretien votre jardin sur toute la Sa\u00f4ne et Loire et principalement dans le \u00a0 71 aux alentours de M\u00e2con .\u00a0 Sp\u00e9cialiste de l\u2019entretien de Jardin elle vous fait b\u00e9n\u00e9ficier de son agr\u00e9ment \u00ab\u00a0service \u00e0 la personne\u00a0\u00bb qui vous permet d\u2019avoir droit \u00e0<span class=\"read-more-wrap\"><a class=\"moretag\" href=\"https:\/\/lovisa-paysagiste-macon.fr\/index.php\/paysagiste-saone-et-loire\/\">Lire la suite<span class=\"screen-reader-text\">Paysagiste Sa\u00f4ne et loire<\/span><\/a><\/span><\/p>\n","protected":false},"author":1,"featured_media":0,"parent":0,"menu_order":0,"comment_status":"closed","ping_status":"closed","template":"","meta":{"footnotes":""},"class_list":["post-384","page","type-page","status-publish","hentry"],"aioseo_notices":[],"_links":{"self":[{"href":"https:\/\/lovisa-paysagiste-macon.fr\/index.php\/wp-json\/wp\/v2\/pages\/384","targetHints":{"allow":["GET"]}}],"collection":[{"href":"https:\/\/lovisa-paysagiste-macon.fr\/index.php\/wp-json\/wp\/v2\/pages"}],"about":[{"href":"https:\/\/lovisa-paysagiste-macon.fr\/index.php\/wp-json\/wp\/v2\/types\/page"}],"author":[{"embeddable":true,"href":"https:\/\/lovisa-paysagiste-macon.fr\/index.php\/wp-json\/wp\/v2\/users\/1"}],"replies":[{"embeddable":true,"href":"https:\/\/lovisa-paysagiste-macon.fr\/index.php\/wp-json\/wp\/v2\/comments?post=384"}],"version-history":[{"count":9,"href":"https:\/\/lovisa-paysagiste-macon.fr\/index.php\/wp-json\/wp\/v2\/pages\/384\/revisions"}],"predecessor-version":[{"id":753,"href":"https:\/\/lovisa-paysagiste-macon.fr\/index.php\/wp-json\/wp\/v2\/pages\/384\/revisions\/753"}],"wp:attachment":[{"href":"https:\/\/lovisa-paysagiste-macon.fr\/index.php\/wp-json\/wp\/v2\/media?parent=384"}],"curies":[{"name":"wp","href":"https:\/\/api.w.org\/{rel}","templated":true}]}}