{"id":440,"date":"2018-05-28T07:47:19","date_gmt":"2018-05-28T07:47:19","guid":{"rendered":"https:\/\/lovisa-paysagiste-macon.fr\/?page_id=440"},"modified":"2018-07-05T20:46:25","modified_gmt":"2018-07-05T20:46:25","slug":"service-a-la-personne","status":"publish","type":"page","link":"https:\/\/lovisa-paysagiste-macon.fr\/index.php\/service-a-la-personne\/","title":{"rendered":"Service \u00e0 la personne"},"content":{"rendered":"<figure id=\"attachment_38\" aria-describedby=\"caption-attachment-38\" style=\"width: 234px\" class=\"wp-caption alignnone\"><img loading=\"lazy\" decoding=\"async\" class=\"size-full wp-image-38\" src=\"https:\/\/lovisa-paysagiste-macon.fr\/wp-content\/uploads\/2018\/04\/index-copie.jpg\" alt=\"\" width=\"234\" height=\"198\" \/><figcaption id=\"caption-attachment-38\" class=\"wp-caption-text\">Credit d&rsquo;imp\u00f4t &#8211; 50 %<\/figcaption><\/figure>\n<h3>LOVISA PAYSAGISTE M\u00c2CON SERVICES<\/h3>\n<p>Entreprise paysagiste sp\u00e9cialiste de l&rsquo;entretien de jardin\u00a0 ayant un agr\u00e9ment service \u00e0 la personne et travaillant sur M\u00e2con et sa r\u00e9gion en Sa\u00f4ne et loire (71)<\/p>\n<div id=\"texte\">\n<p>&nbsp;<\/p>\n<p>Dans le cadre des soci\u00e9t\u00e9s de services \u00e0 la personne agr\u00e9\u00e9s par l&rsquo;\u00e9tat,\u00a0<strong>LOVISA PAYSAGISTE M\u00c2CON <\/strong>a cr\u00e9e pour vous une deuxi\u00e8me structure et vous propose de r\u00e9aliser \u00e0 votre domicile des prestations dans le domaine du jardinage d\u00e9ductible fiscalement .<\/p>\n<p>Entretien ponctuel ou entretien annuel, notre \u00e9quipe de professionnels\u00a0 s&rsquo;occupe de votre jardin .(Plafond annuel de 5000 euros d\u00e9ductibles\u00a0pour le jardinage)<\/p>\n<p><strong>Exemple :<\/strong> Une taille de haie de 700\u20ac vous revient \u00e0 350\u20ac TTC apr\u00e8s d\u00e9duction fiscale.<\/p>\n<p>L&rsquo;\u00e9tat a d\u00e9fini une liste de petits travaux de jardinage r\u00e9alisable dans le cadre du service \u00e0 la personne . Cette liste est la suivante :<\/p>\n<ul>\n<li>La tonte, le d\u00e9broussaillement,\u00a0la scarification,\u00a0le d\u00e9sherbage<\/li>\n<li>L&rsquo;entretien des massifs et des balcons<\/li>\n<li>L&rsquo;arrosage manuel des v\u00e9g\u00e9taux (hors maintenance d&rsquo;arrosage, hors goutte \u00e0 goutte)<\/li>\n<li>Le ramassage des feuilles L\u2019application d&rsquo;engrais et\/ou d&rsquo;amendements (produit fourni par le client)<\/li>\n<li>Le d\u00e9neigement La petite maintenance r\u00e9guli\u00e8re des all\u00e9es et des terrasses<\/li>\n<li>Le b\u00eachage, le binage et le griffage des massifs<\/li>\n<li>Le petit arrachage manuel et \u00e9vacuation des v\u00e9g\u00e9taux<\/li>\n<li>La taille des haies, des fruitiers, des rosiers et des plantes grimpantes dans le respect du D\u00e9cret du 1er septembre 2004<\/li>\n<li>La taille des arbres et d&rsquo;arbustes hors \u00e9lagage (effectu\u00e9s \u00e0 partir du sol ou dans les conditions de l&rsquo;article R 233-13-22 du code du travail)<\/li>\n<li>Le traitement des arbres et des arbustes (produits portant la mention \u00ab\u00a0emploi autoris\u00e9 dans les jardins\u00a0\u00bb, fournis par le client)<\/li>\n<\/ul>\n<p>Les travaux non inscrits dans cette liste pourront malgr\u00e9 tout \u00eatre r\u00e9alis\u00e9s gr\u00e2ce \u00e0 notre deuxi\u00e8me structure consacr\u00e9e \u00e0 tous les autres travaux paysagistes .<\/p>\n<p>Agr\u00e9e par l&rsquo;\u00e9tat <strong>Lovisa paysagiste M\u00e2con<\/strong> s&rsquo;occupe de tout et vous n&rsquo;avez plus \u00e0 faire de d\u00e9marches administratives .<\/p>\n<p>Les prestations Sont d\u00e9ductibles fiscalement sous la forme d&rsquo;une r\u00e9duction ou d&rsquo;un cr\u00e9dit d&rsquo;imp\u00f4t de 50% dans la limite d&rsquo;un plafond de 5000 \u20ac TTC de d\u00e9penses engag\u00e9es par an et par foyer fiscal, soit la possibilt\u00e9 d&rsquo;\u00e9conomiser jusqu&rsquo;a 2500\u20ac \/an .<\/p>\n<p>Nous vous envoyons automatiquement avant le 30 janvier de l&rsquo;ann\u00e9e suivante une attestation fiscale indiquant le montant total des travaux de l&rsquo;ann\u00e9e . Attestation que vous devrez joindre lors de votre d\u00e9claration de revenus .<\/p>\n<p><strong>Plus d&rsquo;informations rendez-vous vite sur le site :\u00a0<\/strong><a href=\"http:\/\/www.entreprises.gouv.fr\/services-a-la-personne\"><strong>entreprises.gouv.fr<\/strong><\/a><\/p>\n<p>Pour tout renseignements suppl\u00e9mentaires vous pouvez nous appeler au <strong>06 99 00 88 41<\/strong> ou nous joindre par mail : <strong>lovisapaysagiste@gmail.com<\/strong><\/p>\n<\/div>\n<figure id=\"attachment_294\" aria-describedby=\"caption-attachment-294\" style=\"width: 300px\" class=\"wp-caption alignnone\"><img loading=\"lazy\" decoding=\"async\" class=\"wp-image-294 size-medium\" title=\"Service \u00e0 la personne M\u00e2con \" src=\"https:\/\/lovisa-paysagiste-macon.fr\/wp-content\/uploads\/2018\/05\/unep-300x96.png\" alt=\"Service \u00e0 la personne M\u00e2con \" width=\"300\" height=\"96\" srcset=\"https:\/\/lovisa-paysagiste-macon.fr\/wp-content\/uploads\/2018\/05\/unep-300x96.png 300w, https:\/\/lovisa-paysagiste-macon.fr\/wp-content\/uploads\/2018\/05\/unep.png 398w\" sizes=\"auto, (max-width: 300px) 100vw, 300px\" \/><figcaption id=\"caption-attachment-294\" class=\"wp-caption-text\">Service \u00e0 la personne M\u00e2con<\/figcaption><\/figure>\n","protected":false},"excerpt":{"rendered":"<p>LOVISA PAYSAGISTE M\u00c2CON SERVICES Entreprise paysagiste sp\u00e9cialiste de l&rsquo;entretien de jardin\u00a0 ayant un agr\u00e9ment service \u00e0 la personne et travaillant sur M\u00e2con et sa r\u00e9gion en Sa\u00f4ne et loire (71) &nbsp; Dans le cadre des soci\u00e9t\u00e9s de services \u00e0 la personne agr\u00e9\u00e9s par l&rsquo;\u00e9tat,\u00a0LOVISA PAYSAGISTE M\u00c2CON a cr\u00e9e pour vous une deuxi\u00e8me structure et vous<span class=\"read-more-wrap\"><a class=\"moretag\" href=\"https:\/\/lovisa-paysagiste-macon.fr\/index.php\/service-a-la-personne\/\">Lire la suite<span class=\"screen-reader-text\">Service \u00e0 la personne<\/span><\/a><\/span><\/p>\n","protected":false},"author":1,"featured_media":0,"parent":0,"menu_order":0,"comment_status":"closed","ping_status":"closed","template":"","meta":{"footnotes":""},"class_list":["post-440","page","type-page","status-publish","hentry"],"aioseo_notices":[],"_links":{"self":[{"href":"https:\/\/lovisa-paysagiste-macon.fr\/index.php\/wp-json\/wp\/v2\/pages\/440","targetHints":{"allow":["GET"]}}],"collection":[{"href":"https:\/\/lovisa-paysagiste-macon.fr\/index.php\/wp-json\/wp\/v2\/pages"}],"about":[{"href":"https:\/\/lovisa-paysagiste-macon.fr\/index.php\/wp-json\/wp\/v2\/types\/page"}],"author":[{"embeddable":true,"href":"https:\/\/lovisa-paysagiste-macon.fr\/index.php\/wp-json\/wp\/v2\/users\/1"}],"replies":[{"embeddable":true,"href":"https:\/\/lovisa-paysagiste-macon.fr\/index.php\/wp-json\/wp\/v2\/comments?post=440"}],"version-history":[{"count":2,"href":"https:\/\/lovisa-paysagiste-macon.fr\/index.php\/wp-json\/wp\/v2\/pages\/440\/revisions"}],"predecessor-version":[{"id":915,"href":"https:\/\/lovisa-paysagiste-macon.fr\/index.php\/wp-json\/wp\/v2\/pages\/440\/revisions\/915"}],"wp:attachment":[{"href":"https:\/\/lovisa-paysagiste-macon.fr\/index.php\/wp-json\/wp\/v2\/media?parent=440"}],"curies":[{"name":"wp","href":"https:\/\/api.w.org\/{rel}","templated":true}]}}