{"id":654,"date":"2018-06-10T21:15:11","date_gmt":"2018-06-10T21:15:11","guid":{"rendered":"https:\/\/lovisa-paysagiste-macon.fr\/?page_id=654"},"modified":"2018-07-03T08:50:53","modified_gmt":"2018-07-03T08:50:53","slug":"paysagiste-bourgogne","status":"publish","type":"page","link":"https:\/\/lovisa-paysagiste-macon.fr\/index.php\/paysagiste-bourgogne\/","title":{"rendered":"Paysagiste Bourgogne"},"content":{"rendered":"<p><img loading=\"lazy\" decoding=\"async\" class=\"alignnone wp-image-40\" title=\"Paysagiste Bourgogne-Franche-Comt\u00e9\" src=\"https:\/\/lovisa-paysagiste-macon.fr\/wp-content\/uploads\/2018\/04\/taille-dempelopsis-300x130.jpg\" alt=\"Paysagiste Bourgogne-Franche-Comt\u00e9\" width=\"344\" height=\"149\" srcset=\"https:\/\/lovisa-paysagiste-macon.fr\/wp-content\/uploads\/2018\/04\/taille-dempelopsis-300x130.jpg 300w, https:\/\/lovisa-paysagiste-macon.fr\/wp-content\/uploads\/2018\/04\/taille-dempelopsis.jpg 564w\" sizes=\"auto, (max-width: 344px) 100vw, 344px\" \/><\/p>\n<h2><span style=\"font-size: 12pt;\">Un paysagiste\u00a0 pr\u00e8s de M\u00e2con en Bourgogne Franche Comt\u00e9<br \/>\n<\/span><\/h2>\n<p><strong>Paysagiste Bourgogne<\/strong>. Une \u00e9quipe de jardiniers professionnels qui travaillent en Bourgogne Franche comt\u00e9\u00a0 pr\u00e8s de M\u00e2con en Sa\u00f4ne et Loire (71). Elle \u00a0 intervient dans votre jardin et vous permet de b\u00e9n\u00e9ficier d&rsquo;un cr\u00e9dit d&rsquo;imp\u00f4t de 50 % gr\u00e2ce \u00e0 son agr\u00e9ment service \u00e0 la personne.\u00a0 L&rsquo;entreprise <strong>Paysagiste Bourgogne<\/strong>\u00a0 est sp\u00e9cialiste\u00a0 de l&rsquo;entretien de jardins . <strong>Paysagiste Bourgogne<\/strong> est membre de l&rsquo;unep et poss\u00e8de le label \u00ab\u00a0expert jardin\u00a0\u00bb.<\/p>\n<p>&nbsp;<\/p>\n<p><img loading=\"lazy\" decoding=\"async\" class=\"alignnone wp-image-294 size-medium\" title=\"Paysagiste Bourgogne unep\" src=\"https:\/\/lovisa-paysagiste-macon.fr\/wp-content\/uploads\/2018\/05\/unep-300x96.png\" alt=\"Paysagiste Bourgogne unep\" width=\"300\" height=\"96\" srcset=\"https:\/\/lovisa-paysagiste-macon.fr\/wp-content\/uploads\/2018\/05\/unep-300x96.png 300w, https:\/\/lovisa-paysagiste-macon.fr\/wp-content\/uploads\/2018\/05\/unep.png 398w\" sizes=\"auto, (max-width: 300px) 100vw, 300px\" \/><\/p>\n","protected":false},"excerpt":{"rendered":"<p>Un paysagiste\u00a0 pr\u00e8s de M\u00e2con en Bourgogne Franche Comt\u00e9 Paysagiste Bourgogne. Une \u00e9quipe de jardiniers professionnels qui travaillent en Bourgogne Franche comt\u00e9\u00a0 pr\u00e8s de M\u00e2con en Sa\u00f4ne et Loire (71). Elle \u00a0 intervient dans votre jardin et vous permet de b\u00e9n\u00e9ficier d&rsquo;un cr\u00e9dit d&rsquo;imp\u00f4t de 50 % gr\u00e2ce \u00e0 son agr\u00e9ment service \u00e0 la personne.\u00a0<span class=\"read-more-wrap\"><a class=\"moretag\" href=\"https:\/\/lovisa-paysagiste-macon.fr\/index.php\/paysagiste-bourgogne\/\">Lire la suite<span class=\"screen-reader-text\">Paysagiste Bourgogne<\/span><\/a><\/span><\/p>\n","protected":false},"author":1,"featured_media":0,"parent":0,"menu_order":0,"comment_status":"closed","ping_status":"closed","template":"","meta":{"footnotes":""},"class_list":["post-654","page","type-page","status-publish","hentry"],"aioseo_notices":[],"_links":{"self":[{"href":"https:\/\/lovisa-paysagiste-macon.fr\/index.php\/wp-json\/wp\/v2\/pages\/654","targetHints":{"allow":["GET"]}}],"collection":[{"href":"https:\/\/lovisa-paysagiste-macon.fr\/index.php\/wp-json\/wp\/v2\/pages"}],"about":[{"href":"https:\/\/lovisa-paysagiste-macon.fr\/index.php\/wp-json\/wp\/v2\/types\/page"}],"author":[{"embeddable":true,"href":"https:\/\/lovisa-paysagiste-macon.fr\/index.php\/wp-json\/wp\/v2\/users\/1"}],"replies":[{"embeddable":true,"href":"https:\/\/lovisa-paysagiste-macon.fr\/index.php\/wp-json\/wp\/v2\/comments?post=654"}],"version-history":[{"count":10,"href":"https:\/\/lovisa-paysagiste-macon.fr\/index.php\/wp-json\/wp\/v2\/pages\/654\/revisions"}],"predecessor-version":[{"id":878,"href":"https:\/\/lovisa-paysagiste-macon.fr\/index.php\/wp-json\/wp\/v2\/pages\/654\/revisions\/878"}],"wp:attachment":[{"href":"https:\/\/lovisa-paysagiste-macon.fr\/index.php\/wp-json\/wp\/v2\/media?parent=654"}],"curies":[{"name":"wp","href":"https:\/\/api.w.org\/{rel}","templated":true}]}}