{"id":690,"date":"2018-06-14T10:18:15","date_gmt":"2018-06-14T10:18:15","guid":{"rendered":"https:\/\/lovisa-paysagiste-macon.fr\/?page_id=690"},"modified":"2018-06-27T18:05:54","modified_gmt":"2018-06-27T18:05:54","slug":"paysagiste-ain","status":"publish","type":"page","link":"https:\/\/lovisa-paysagiste-macon.fr\/index.php\/paysagiste-ain\/","title":{"rendered":"Un Paysagiste dans l&rsquo;Ain"},"content":{"rendered":"<figure id=\"attachment_691\" aria-describedby=\"caption-attachment-691\" style=\"width: 300px\" class=\"wp-caption alignnone\"><img loading=\"lazy\" decoding=\"async\" class=\"wp-image-691 size-medium\" title=\"Paysagiste de l'Ain\" src=\"https:\/\/lovisa-paysagiste-macon.fr\/wp-content\/uploads\/2018\/06\/P1120871-004-300x189.jpg\" alt=\"Paysagiste Ain\" width=\"300\" height=\"189\" srcset=\"https:\/\/lovisa-paysagiste-macon.fr\/wp-content\/uploads\/2018\/06\/P1120871-004-300x189.jpg 300w, https:\/\/lovisa-paysagiste-macon.fr\/wp-content\/uploads\/2018\/06\/P1120871-004-768x484.jpg 768w, https:\/\/lovisa-paysagiste-macon.fr\/wp-content\/uploads\/2018\/06\/P1120871-004-1024x646.jpg 1024w, https:\/\/lovisa-paysagiste-macon.fr\/wp-content\/uploads\/2018\/06\/P1120871-004.jpg 1367w\" sizes=\"auto, (max-width: 300px) 100vw, 300px\" \/><figcaption id=\"caption-attachment-691\" class=\"wp-caption-text\">Paysagiste dans l&rsquo;Ain,\u00a0 (St Laurent sur Sa\u00f4ne)<\/figcaption><\/figure>\n<h2><span style=\"font-size: 12pt;\">Paysagiste de l&rsquo;Ain<\/span><\/h2>\n<p>L&rsquo;entreprise<strong> Lovisa Paysagiste Ain<\/strong> entretien votre jardin sur tout le d\u00e9partement de\u00a0 l&rsquo;Ain\u00a0 et principalement sur St Laurent sur Sa\u00f4ne ,Bag\u00e9 la ville, Feillens,Vonnas,Pont de veyle et sa r\u00e9gion .\u00a0 Sp\u00e9cialiste de l\u2019entretien de Jardin elle vous fait b\u00e9n\u00e9ficier de son agr\u00e9ment \u00ab\u00a0service \u00e0 la personne\u00a0\u00bb qui vous permet d\u2019avoir droit \u00e0 un cr\u00e9dit d\u2019imp\u00f4t de 50 % sur tout la partie\u00a0 entretien (Tontes , taille de haies , d\u00e9sherbage , tailles d\u2019arbustes , etc\u2026..)<\/p>\n<p>L\u2019entreprise <strong>Lovisa paysagiste Ain<\/strong> et son \u00e9quipe de jardiniers sont agr\u00e9es service \u00e0 la personne \/ num\u00e9ro de dossier : N\/240511\/F\/071\/S\/030 .<\/p>\n<p>elle est \u00e9galement membre de l\u2019<strong>UNEP<\/strong> (union nationale des entreprises du paysage ) et poss\u00e8de le label \u00ab\u00a0Expert jardins\u00a0\u00bb .<\/p>\n<p>&nbsp;<\/p>\n<p>Les prestations Sont d\u00e9ductibles fiscalement sous la forme d\u2019une r\u00e9duction ou d\u2019un cr\u00e9dit d\u2019imp\u00f4t de 50% dans la limite d\u2019un plafond de 5000 \u20ac TTC de d\u00e9penses engag\u00e9es par an et par foyer fiscal, soit la possibilit\u00e9 d\u2019\u00e9conomiser jusqu\u2019\u00e0 2500\u20ac \/an .<\/p>\n<p>&nbsp;<\/p>\n<p>Pour tous renseignements : 06 99 00 88 41 \/ Ain , 01<\/p>\n<p><img loading=\"lazy\" decoding=\"async\" class=\"alignnone wp-image-294 size-medium\" title=\"Paysagiste ain unep\" src=\"https:\/\/lovisa-paysagiste-macon.fr\/wp-content\/uploads\/2018\/05\/unep-300x96.png\" alt=\"Paysagiste ain unep\" width=\"300\" height=\"96\" srcset=\"https:\/\/lovisa-paysagiste-macon.fr\/wp-content\/uploads\/2018\/05\/unep-300x96.png 300w, https:\/\/lovisa-paysagiste-macon.fr\/wp-content\/uploads\/2018\/05\/unep.png 398w\" sizes=\"auto, (max-width: 300px) 100vw, 300px\" \/><\/p>\n<p>&nbsp;<\/p>\n<p style=\"text-align: center;\"><a href=\"https:\/\/lovisa-paysagiste-macon.fr\/\">Accueil<\/a><\/p>\n<p>&nbsp;<\/p>\n","protected":false},"excerpt":{"rendered":"<p>Paysagiste de l&rsquo;Ain L&rsquo;entreprise Lovisa Paysagiste Ain entretien votre jardin sur tout le d\u00e9partement de\u00a0 l&rsquo;Ain\u00a0 et principalement sur St Laurent sur Sa\u00f4ne ,Bag\u00e9 la ville, Feillens,Vonnas,Pont de veyle et sa r\u00e9gion .\u00a0 Sp\u00e9cialiste de l\u2019entretien de Jardin elle vous fait b\u00e9n\u00e9ficier de son agr\u00e9ment \u00ab\u00a0service \u00e0 la personne\u00a0\u00bb qui vous permet d\u2019avoir droit \u00e0<span class=\"read-more-wrap\"><a class=\"moretag\" href=\"https:\/\/lovisa-paysagiste-macon.fr\/index.php\/paysagiste-ain\/\">Lire la suite<span class=\"screen-reader-text\">Un Paysagiste dans l&rsquo;Ain<\/span><\/a><\/span><\/p>\n","protected":false},"author":1,"featured_media":0,"parent":0,"menu_order":0,"comment_status":"closed","ping_status":"closed","template":"","meta":{"footnotes":""},"class_list":["post-690","page","type-page","status-publish","hentry"],"aioseo_notices":[],"_links":{"self":[{"href":"https:\/\/lovisa-paysagiste-macon.fr\/index.php\/wp-json\/wp\/v2\/pages\/690","targetHints":{"allow":["GET"]}}],"collection":[{"href":"https:\/\/lovisa-paysagiste-macon.fr\/index.php\/wp-json\/wp\/v2\/pages"}],"about":[{"href":"https:\/\/lovisa-paysagiste-macon.fr\/index.php\/wp-json\/wp\/v2\/types\/page"}],"author":[{"embeddable":true,"href":"https:\/\/lovisa-paysagiste-macon.fr\/index.php\/wp-json\/wp\/v2\/users\/1"}],"replies":[{"embeddable":true,"href":"https:\/\/lovisa-paysagiste-macon.fr\/index.php\/wp-json\/wp\/v2\/comments?post=690"}],"version-history":[{"count":7,"href":"https:\/\/lovisa-paysagiste-macon.fr\/index.php\/wp-json\/wp\/v2\/pages\/690\/revisions"}],"predecessor-version":[{"id":856,"href":"https:\/\/lovisa-paysagiste-macon.fr\/index.php\/wp-json\/wp\/v2\/pages\/690\/revisions\/856"}],"wp:attachment":[{"href":"https:\/\/lovisa-paysagiste-macon.fr\/index.php\/wp-json\/wp\/v2\/media?parent=690"}],"curies":[{"name":"wp","href":"https:\/\/api.w.org\/{rel}","templated":true}]}}