{"id":84,"date":"2018-04-28T12:29:40","date_gmt":"2018-04-28T12:29:40","guid":{"rendered":"https:\/\/lovisa-paysagiste-macon.fr\/?page_id=84"},"modified":"2025-01-18T14:16:21","modified_gmt":"2025-01-18T14:16:21","slug":"paysagiste-prisse","status":"publish","type":"page","link":"https:\/\/lovisa-paysagiste-macon.fr\/index.php\/paysagiste-prisse\/","title":{"rendered":"Paysagiste Priss\u00e9"},"content":{"rendered":"<p><img loading=\"lazy\" decoding=\"async\" class=\"alignnone wp-image-143\" title=\"Paysagiste \u00e0 priss\u00e9\" src=\"https:\/\/lovisa-paysagiste-macon.fr\/wp-content\/uploads\/2018\/04\/Enlevement-de-souches-\u00e0-m\u00e2con-300x200.jpg\" alt=\"Paysagiste \u00e0 priss\u00e9\" width=\"584\" height=\"389\" srcset=\"https:\/\/lovisa-paysagiste-macon.fr\/wp-content\/uploads\/2018\/04\/Enlevement-de-souches-\u00e0-m\u00e2con-300x200.jpg 300w, https:\/\/lovisa-paysagiste-macon.fr\/wp-content\/uploads\/2018\/04\/Enlevement-de-souches-\u00e0-m\u00e2con-768x512.jpg 768w, https:\/\/lovisa-paysagiste-macon.fr\/wp-content\/uploads\/2018\/04\/Enlevement-de-souches-\u00e0-m\u00e2con-1024x683.jpg 1024w, https:\/\/lovisa-paysagiste-macon.fr\/wp-content\/uploads\/2018\/04\/Enlevement-de-souches-\u00e0-m\u00e2con.jpg 2048w\" sizes=\"auto, (max-width: 584px) 100vw, 584px\" \/><\/p>\n<h2><strong><span style=\"font-size: 12pt;\">Paysagiste \u00e0 Priss\u00e9<\/span><\/strong><\/h2>\n<p><strong>Lovisa Paysagiste Priss\u00e9<\/strong> entretien votre jardin sur Priss\u00e9, Mouhy, Montagny ,Chevagny,Davay\u00e9, Vergisson , Milly Lamartine\u00a0 et sa r\u00e9gion.\u00a0 Sp\u00e9cialiste du paysage , de l\u2019entretien de Jardin et des espaces verts elle vous fait b\u00e9n\u00e9ficier de son agr\u00e9ment \u00ab\u00a0service \u00e0 la personne\u00a0\u00bb qui vous permet\u00a0 d\u2019avoir droit \u00e0 un cr\u00e9dit d\u2019imp\u00f4t de 50 % sur toute la partie\u00a0 entretien ( Tontes , taille de haies , d\u00e9sherbage , tailles d\u2019arbustes , Contrat annuels, etc\u2026..)<\/p>\n<p>L\u2019entreprise <strong>Lovisa paysagiste Priss\u00e9<\/strong> et son \u00e9quipe de jardiniers sont agr\u00e9es service \u00e0 la personne \/ num\u00e9ro de dossier : N\/240511\/F\/071\/S\/030 .\u00a0 <a href=\"https:\/\/lovisa-paysagiste-macon.fr\/index.php\/service-a-la-personne\/\">Plus de renseignements <\/a><\/p>\n<p>elle est \u00e9galement membre de l\u2019<strong>UNEP<\/strong> (union nationale des entreprises du paysage ) et poss\u00e8de le label \u00ab\u00a0Expert jardins\u00a0\u00bb .<\/p>\n<p><img loading=\"lazy\" decoding=\"async\" class=\"alignnone wp-image-1093 size-full\" title=\"credit d'impot paysagiste Priss\u00e9\" src=\"https:\/\/lovisa-paysagiste-macon.fr\/wp-content\/uploads\/2018\/08\/credit-dimpot.png\" alt=\"credit d'impot paysagiste Priss\u00e9\" width=\"200\" height=\"200\" srcset=\"https:\/\/lovisa-paysagiste-macon.fr\/wp-content\/uploads\/2018\/08\/credit-dimpot.png 200w, https:\/\/lovisa-paysagiste-macon.fr\/wp-content\/uploads\/2018\/08\/credit-dimpot-150x150.png 150w\" sizes=\"auto, (max-width: 200px) 100vw, 200px\" \/><\/p>\n<p>Les prestations Sont d\u00e9ductibles fiscalement sous la forme d&rsquo;une r\u00e9duction ou d&rsquo;un cr\u00e9dit d&rsquo;imp\u00f4t de 50% dans la limite d&rsquo;un plafond de 5000 \u20ac TTC de d\u00e9penses engag\u00e9es par an et par foyer fiscal, soit la possibilit\u00e9 d&rsquo;\u00e9conomiser jusqu\u2019\u00e0 2500\u20ac \/an .<\/p>\n<p>Pour tous renseignements : 06 99 00 88 41 \/\u00a0 71960 Priss\u00e9<\/p>\n<p><img loading=\"lazy\" decoding=\"async\" class=\"alignnone wp-image-294 size-medium\" title=\"Paysagiste priss\u00e9 unep\" src=\"https:\/\/lovisa-paysagiste-macon.fr\/wp-content\/uploads\/2018\/05\/unep-300x96.png\" alt=\"Paysagiste Priss\u00e9 unep\" width=\"300\" height=\"96\" srcset=\"https:\/\/lovisa-paysagiste-macon.fr\/wp-content\/uploads\/2018\/05\/unep-300x96.png 300w, https:\/\/lovisa-paysagiste-macon.fr\/wp-content\/uploads\/2018\/05\/unep.png 398w\" sizes=\"auto, (max-width: 300px) 100vw, 300px\" \/><\/p>\n<h3><strong><span style=\"color: #993300;\">Domaine d&rsquo;intervention<\/span>\u00a0 :<\/strong><\/h3>\n<p>Votre paysagiste intervient sur une zone\u00a0 de 20 kilom\u00e8tres autour de M\u00e2con\u00a0 sur les communes de <strong>M\u00e2con, Charnay les M\u00e2con, Sanc\u00e9, Flac\u00e9, Hurigny, Creches sur Sa\u00f4ne, Priss\u00e9, Roche vineuse, Sologny, Vergisson, chaintr\u00e9, ch\u00e2nes, Solutr\u00e9, Pierreclos, Pouilly, Fuiss\u00e9, Bag\u00e9, Gri\u00e8ges, Berz\u00e9 la Ville, Ig\u00e9, Az\u00e9, Chevagny les chevri\u00e8res, Cluny, cormatin, Jalogny, Senozan, St Martin Belle Roche,\u00a0\u00a0 etc&#8230;.<\/strong><\/p>\n<p><a href=\"https:\/\/lovisa-paysagiste-macon.fr\/index.php\/paysagiste-macon\/\">Paysagiste M\u00e2con<\/a><\/p>\n<p><a href=\"https:\/\/lovisa-paysagiste-macon.fr\/index.php\/paysagiste-charnay\/\">Paysagiste Charnay les M\u00e2con<\/a><\/p>\n<p><a href=\"https:\/\/lovisa-paysagiste-macon.fr\/index.php\/paysagiste-cluny\/\">Paysagiste Cluny<\/a><\/p>\n<p><a href=\"https:\/\/lovisa-paysagiste-macon.fr\/index.php\/paysagiste-hurigny\/\">Paysagiste hurigny<\/a><\/p>\n<p><a href=\"https:\/\/lovisa-paysagiste-macon.fr\/index.php\/paysagiste-roche-vineuse\/\">Paysagiste Roche Vineuse<\/a><\/p>\n<p><a href=\"https:\/\/lovisa-paysagiste-macon.fr\/index.php\/paysagiste-creches-sur-saone\/\">Paysagiste Cr\u00eaches sur Sa\u00f4ne<\/a><\/p>\n<p><a href=\"https:\/\/lovisa-paysagiste-macon.fr\/index.php\/paysagiste-ige\/\">Paysagiste Ig\u00e9<\/a><\/p>\n<p><a href=\"https:\/\/lovisa-paysagiste-macon.fr\/index.php\/paysagiste-vergisson\/\">Paysagiste vergisson<\/a><\/p>\n<p><a href=\"https:\/\/lovisa-paysagiste-macon.fr\/index.php\/paysagiste-solutre\/\">Paysagiste Solutr\u00e9<\/a><\/p>\n<p><a href=\"https:\/\/lovisa-paysagiste-macon.fr\/index.php\/paysagiste-davaye\/\">Paysagiste Davay\u00e9<\/a><\/p>\n<p style=\"text-align: center;\"><a href=\"https:\/\/lovisa-paysagiste-macon.fr\/\">Accueil<\/a><\/p>\n","protected":false},"excerpt":{"rendered":"<p>Paysagiste \u00e0 Priss\u00e9 Lovisa Paysagiste Priss\u00e9 entretien votre jardin sur Priss\u00e9, Mouhy, Montagny ,Chevagny,Davay\u00e9, Vergisson , Milly Lamartine\u00a0 et sa r\u00e9gion.\u00a0 Sp\u00e9cialiste du paysage , de l\u2019entretien de Jardin et des espaces verts elle vous fait b\u00e9n\u00e9ficier de son agr\u00e9ment \u00ab\u00a0service \u00e0 la personne\u00a0\u00bb qui vous permet\u00a0 d\u2019avoir droit \u00e0 un cr\u00e9dit d\u2019imp\u00f4t de 50<span class=\"read-more-wrap\"><a class=\"moretag\" href=\"https:\/\/lovisa-paysagiste-macon.fr\/index.php\/paysagiste-prisse\/\">Lire la suite<span class=\"screen-reader-text\">Paysagiste Priss\u00e9<\/span><\/a><\/span><\/p>\n","protected":false},"author":1,"featured_media":0,"parent":0,"menu_order":0,"comment_status":"closed","ping_status":"closed","template":"","meta":{"footnotes":""},"class_list":["post-84","page","type-page","status-publish","hentry"],"aioseo_notices":[],"_links":{"self":[{"href":"https:\/\/lovisa-paysagiste-macon.fr\/index.php\/wp-json\/wp\/v2\/pages\/84","targetHints":{"allow":["GET"]}}],"collection":[{"href":"https:\/\/lovisa-paysagiste-macon.fr\/index.php\/wp-json\/wp\/v2\/pages"}],"about":[{"href":"https:\/\/lovisa-paysagiste-macon.fr\/index.php\/wp-json\/wp\/v2\/types\/page"}],"author":[{"embeddable":true,"href":"https:\/\/lovisa-paysagiste-macon.fr\/index.php\/wp-json\/wp\/v2\/users\/1"}],"replies":[{"embeddable":true,"href":"https:\/\/lovisa-paysagiste-macon.fr\/index.php\/wp-json\/wp\/v2\/comments?post=84"}],"version-history":[{"count":32,"href":"https:\/\/lovisa-paysagiste-macon.fr\/index.php\/wp-json\/wp\/v2\/pages\/84\/revisions"}],"predecessor-version":[{"id":1171,"href":"https:\/\/lovisa-paysagiste-macon.fr\/index.php\/wp-json\/wp\/v2\/pages\/84\/revisions\/1171"}],"wp:attachment":[{"href":"https:\/\/lovisa-paysagiste-macon.fr\/index.php\/wp-json\/wp\/v2\/media?parent=84"}],"curies":[{"name":"wp","href":"https:\/\/api.w.org\/{rel}","templated":true}]}}