{"id":92,"date":"2018-04-28T12:41:51","date_gmt":"2018-04-28T12:41:51","guid":{"rendered":"https:\/\/lovisa-paysagiste-macon.fr\/?page_id=92"},"modified":"2025-05-17T21:40:11","modified_gmt":"2025-05-17T21:40:11","slug":"paysagiste-charnay","status":"publish","type":"page","link":"https:\/\/lovisa-paysagiste-macon.fr\/index.php\/paysagiste-charnay\/","title":{"rendered":"Paysagiste Charnay les M\u00e2con"},"content":{"rendered":"<figure id=\"attachment_1188\" aria-describedby=\"caption-attachment-1188\" style=\"width: 610px\" class=\"wp-caption alignnone\"><img loading=\"lazy\" decoding=\"async\" class=\"wp-image-1188 \" title=\"paysagiste Charnay \" src=\"https:\/\/lovisa-paysagiste-macon.fr\/wp-content\/uploads\/2025\/05\/54475850118_5ff30a3187_k-300x200.jpg\" alt=\"Tonte \u00e0 Charnay les M\u00e2con avec le rider 4x4\" width=\"610\" height=\"406\" srcset=\"https:\/\/lovisa-paysagiste-macon.fr\/wp-content\/uploads\/2025\/05\/54475850118_5ff30a3187_k-300x200.jpg 300w, https:\/\/lovisa-paysagiste-macon.fr\/wp-content\/uploads\/2025\/05\/54475850118_5ff30a3187_k-1024x683.jpg 1024w, https:\/\/lovisa-paysagiste-macon.fr\/wp-content\/uploads\/2025\/05\/54475850118_5ff30a3187_k-768x512.jpg 768w, https:\/\/lovisa-paysagiste-macon.fr\/wp-content\/uploads\/2025\/05\/54475850118_5ff30a3187_k-1536x1024.jpg 1536w, https:\/\/lovisa-paysagiste-macon.fr\/wp-content\/uploads\/2025\/05\/54475850118_5ff30a3187_k.jpg 2048w\" sizes=\"auto, (max-width: 610px) 100vw, 610px\" \/><figcaption id=\"caption-attachment-1188\" class=\"wp-caption-text\">Tonte \u00e0 Charnay les M\u00e2con avec la tondeuse debrousailleuse iseki.<\/figcaption><\/figure>\n<h2><span style=\"font-size: 12pt;\">Un Paysagiste \u00e0 Charnay les M\u00e2con<\/span><\/h2>\n<p><strong>Lovisa Paysagiste Charnay l\u00e8s M\u00e2con <\/strong>\u00a0 entretien votre jardin sur Charnay (71), M\u00e2con, Cr\u00eaches sur Sa\u00f4ne\u00a0 et sa r\u00e9gion.\u00a0 Sp\u00e9cialiste du paysage de l\u2019entretien de Jardin et des espaces verts\u00a0 elle vous fait b\u00e9n\u00e9ficier de son agr\u00e9ment \u00ab\u00a0service \u00e0 la personne\u00a0\u00bb qui vous permet\u00a0 d\u2019avoir droit \u00e0 un cr\u00e9dit d\u2019imp\u00f4t de 50 % sur toute la partie\u00a0 entretien ( Tontes , taille de haies , d\u00e9sherbage , tailles d\u2019arbustes ,contrat annuels etc\u2026..)<\/p>\n<p>L\u2019entreprise <strong>Lovisa paysagiste Charnay<\/strong> et son \u00e9quipe de jardiniers sont agr\u00e9es\u00a0 service \u00e0 la personne \/ num\u00e9ro de dossier : N\/240511\/F\/071\/S\/030 .\u00a0 <a href=\"https:\/\/lovisa-paysagiste-macon.fr\/index.php\/service-a-la-personne\/\">Plus de renseignements<\/a><\/p>\n<p>elle est \u00e9galement membre de l\u2019<strong>UNEP<\/strong> (union nationale des entreprises du paysage ) et poss\u00e8de le label \u00ab\u00a0Expert jardins\u00a0\u00bb .<\/p>\n<p><img loading=\"lazy\" decoding=\"async\" class=\"alignnone size-full wp-image-1093\" src=\"https:\/\/lovisa-paysagiste-macon.fr\/wp-content\/uploads\/2018\/08\/credit-dimpot.png\" alt=\"credit d'impot paysagiste Charnay\" width=\"200\" height=\"200\" srcset=\"https:\/\/lovisa-paysagiste-macon.fr\/wp-content\/uploads\/2018\/08\/credit-dimpot.png 200w, https:\/\/lovisa-paysagiste-macon.fr\/wp-content\/uploads\/2018\/08\/credit-dimpot-150x150.png 150w\" sizes=\"auto, (max-width: 200px) 100vw, 200px\" \/><\/p>\n<p>Les prestations Sont d\u00e9ductibles fiscalement sous la forme d&rsquo;une r\u00e9duction ou d&rsquo;un cr\u00e9dit d&rsquo;imp\u00f4t de 50% dans la limite d&rsquo;un plafond de 5000 \u20ac TTC de d\u00e9penses engag\u00e9es par an et par foyer fiscal, soit la possibilit\u00e9 d&rsquo;\u00e9conomiser jusqu\u2019\u00e0 2500\u20ac \/an .<\/p>\n<p>Pour tous renseignements : 06 99 00 88 41 \/ Charnay les M\u00e2con 71 850<\/p>\n<p><img loading=\"lazy\" decoding=\"async\" class=\"alignnone wp-image-294 size-medium\" title=\"Paysagiste M\u00e2con unep\" src=\"https:\/\/lovisa-paysagiste-macon.fr\/wp-content\/uploads\/2018\/05\/unep-300x96.png\" alt=\"Paysagiste unep bas\u00e9 \u00e0 Charnay les M\u00e2con \" width=\"300\" height=\"96\" srcset=\"https:\/\/lovisa-paysagiste-macon.fr\/wp-content\/uploads\/2018\/05\/unep-300x96.png 300w, https:\/\/lovisa-paysagiste-macon.fr\/wp-content\/uploads\/2018\/05\/unep.png 398w\" sizes=\"auto, (max-width: 300px) 100vw, 300px\" \/><\/p>\n<h3><strong>Domaine d&rsquo;intervention\u00a0 :<\/strong><\/h3>\n<p>Votre paysagiste intervient sur une zone\u00a0 de 20 kilom\u00e8tres autour de M\u00e2con\u00a0 sur les communes de <strong>M\u00e2con, Charnay les M\u00e2con, Sanc\u00e9, Flac\u00e9, Hurigny, Creches sur Sa\u00f4ne, Priss\u00e9, Roche vineuse, Sologny, Vergisson, chaintr\u00e9, ch\u00e2nes, Solutr\u00e9, Pierreclos, Pouilly, Fuiss\u00e9, Bag\u00e9, Gri\u00e8ges, Berz\u00e9 la Ville, Ig\u00e9, Az\u00e9, Chevagny les chevri\u00e8res, Cluny, cormatin, Jalogny, Senozan, St Martin Belle Roche,\u00a0\u00a0 etc&#8230;.<\/strong><\/p>\n<p><a href=\"https:\/\/lovisa-paysagiste-macon.fr\/index.php\/paysagiste-macon\/\">Paysagiste M\u00e2con<\/a><\/p>\n<p><a href=\"https:\/\/lovisa-paysagiste-macon.fr\/index.php\/paysagiste-cluny\/\">Paysagiste Cluny<\/a><\/p>\n<p><a href=\"https:\/\/lovisa-paysagiste-macon.fr\/index.php\/paysagiste-prisse\/\">Paysagiste Priss\u00e9<\/a><\/p>\n<p><a href=\"https:\/\/lovisa-paysagiste-macon.fr\/index.php\/paysagiste-hurigny\/\">Paysagiste hurigny<\/a><\/p>\n<p><a href=\"https:\/\/lovisa-paysagiste-macon.fr\/index.php\/paysagiste-roche-vineuse\/\">Paysagiste Roche Vineuse<\/a><\/p>\n<p><a href=\"https:\/\/lovisa-paysagiste-macon.fr\/index.php\/paysagiste-creches-sur-saone\/\">Paysagiste Cr\u00eaches sur Sa\u00f4ne<\/a><\/p>\n<p><a href=\"https:\/\/lovisa-paysagiste-macon.fr\/index.php\/paysagiste-ige\/\">Paysagiste Ig\u00e9<\/a><\/p>\n<p><a href=\"https:\/\/lovisa-paysagiste-macon.fr\/index.php\/paysagiste-vergisson\/\">Paysagiste vergisson<\/a><\/p>\n<p><a href=\"https:\/\/lovisa-paysagiste-macon.fr\/index.php\/paysagiste-solutre\/\">Paysagiste Solutr\u00e9<\/a><\/p>\n<p><a href=\"https:\/\/lovisa-paysagiste-macon.fr\/index.php\/paysagiste-davaye\/\">Paysagiste Davay\u00e9<\/a><\/p>\n<p style=\"text-align: center;\"><a href=\"https:\/\/lovisa-paysagiste-macon.fr\/\">Accueil<\/a><\/p>\n","protected":false},"excerpt":{"rendered":"<p>Un Paysagiste \u00e0 Charnay les M\u00e2con Lovisa Paysagiste Charnay l\u00e8s M\u00e2con \u00a0 entretien votre jardin sur Charnay (71), M\u00e2con, Cr\u00eaches sur Sa\u00f4ne\u00a0 et sa r\u00e9gion.\u00a0 Sp\u00e9cialiste du paysage de l\u2019entretien de Jardin et des espaces verts\u00a0 elle vous fait b\u00e9n\u00e9ficier de son agr\u00e9ment \u00ab\u00a0service \u00e0 la personne\u00a0\u00bb qui vous permet\u00a0 d\u2019avoir droit \u00e0 un cr\u00e9dit<span class=\"read-more-wrap\"><a class=\"moretag\" href=\"https:\/\/lovisa-paysagiste-macon.fr\/index.php\/paysagiste-charnay\/\">Lire la suite<span class=\"screen-reader-text\">Paysagiste Charnay les M\u00e2con<\/span><\/a><\/span><\/p>\n","protected":false},"author":1,"featured_media":0,"parent":0,"menu_order":0,"comment_status":"closed","ping_status":"closed","template":"","meta":{"footnotes":""},"class_list":["post-92","page","type-page","status-publish","hentry"],"aioseo_notices":[],"_links":{"self":[{"href":"https:\/\/lovisa-paysagiste-macon.fr\/index.php\/wp-json\/wp\/v2\/pages\/92","targetHints":{"allow":["GET"]}}],"collection":[{"href":"https:\/\/lovisa-paysagiste-macon.fr\/index.php\/wp-json\/wp\/v2\/pages"}],"about":[{"href":"https:\/\/lovisa-paysagiste-macon.fr\/index.php\/wp-json\/wp\/v2\/types\/page"}],"author":[{"embeddable":true,"href":"https:\/\/lovisa-paysagiste-macon.fr\/index.php\/wp-json\/wp\/v2\/users\/1"}],"replies":[{"embeddable":true,"href":"https:\/\/lovisa-paysagiste-macon.fr\/index.php\/wp-json\/wp\/v2\/comments?post=92"}],"version-history":[{"count":33,"href":"https:\/\/lovisa-paysagiste-macon.fr\/index.php\/wp-json\/wp\/v2\/pages\/92\/revisions"}],"predecessor-version":[{"id":1190,"href":"https:\/\/lovisa-paysagiste-macon.fr\/index.php\/wp-json\/wp\/v2\/pages\/92\/revisions\/1190"}],"wp:attachment":[{"href":"https:\/\/lovisa-paysagiste-macon.fr\/index.php\/wp-json\/wp\/v2\/media?parent=92"}],"curies":[{"name":"wp","href":"https:\/\/api.w.org\/{rel}","templated":true}]}}