{"id":940,"date":"2018-07-04T10:24:30","date_gmt":"2018-07-04T10:24:30","guid":{"rendered":"https:\/\/lovisa-paysagiste-macon.fr\/?page_id=940"},"modified":"2018-07-13T20:15:15","modified_gmt":"2018-07-13T20:15:15","slug":"entretien-de-jardin-cluny","status":"publish","type":"page","link":"https:\/\/lovisa-paysagiste-macon.fr\/index.php\/entretien-de-jardin-cluny\/","title":{"rendered":"Entretien de jardin Cluny"},"content":{"rendered":"<p><img loading=\"lazy\" decoding=\"async\" class=\"alignnone wp-image-431 \" title=\"Entretien de jardin Cluny\" src=\"https:\/\/lovisa-paysagiste-macon.fr\/wp-content\/uploads\/2018\/05\/P1250402-001-300x184.jpg\" alt=\"Entretien de jardin Cluny\" width=\"373\" height=\"229\" srcset=\"https:\/\/lovisa-paysagiste-macon.fr\/wp-content\/uploads\/2018\/05\/P1250402-001-300x184.jpg 300w, https:\/\/lovisa-paysagiste-macon.fr\/wp-content\/uploads\/2018\/05\/P1250402-001-768x471.jpg 768w, https:\/\/lovisa-paysagiste-macon.fr\/wp-content\/uploads\/2018\/05\/P1250402-001-1024x628.jpg 1024w\" sizes=\"auto, (max-width: 373px) 100vw, 373px\" \/><\/p>\n<h2><span style=\"font-size: 14pt;\">Des sp\u00e9cialistes de l&rsquo;entretien de jardin \u00e0 Cluny<\/span><\/h2>\n<p>L&rsquo;entreprise <strong>Lovisa<\/strong> <strong>paysagiste M\u00e2con<\/strong> est sp\u00e9cialiste de l&rsquo;entretien\u00a0 de jardins avec Cr\u00e9dit d&rsquo;imp\u00f4t. Avec\u00a0 plus de 20 ans d\u2019exp\u00e9rience\u00a0<strong>Lovisa<\/strong> <strong>paysagiste Cluny<\/strong> et ses Jardiniers s&rsquo;occupent de votre jardin de mani\u00e8re ponctuelle ou annuelle. Ils r\u00e9alisent pour vous tontes ,tailles de haies , d\u00e9broussaillage , nettoyage de massifs , tailles de rosiers et tous les autres prestations qui rentrent dans le cadre de son m\u00e9tier. <strong>Lovisa<\/strong> <strong>paysagiste M\u00e2con<\/strong> travaille sur Cluny mais elle intervient aussi sur Jalogny, Mazille, La vineuse, Cormatin, Massilly\u00a0\u00a0 et tous les villages alentours.<\/p>\n<p>Gr\u00e2ce \u00e0 son agr\u00e9ment L&rsquo;entreprise <strong>Lovisa<\/strong> <strong>paysagiste M\u00e2con\u00a0<\/strong> vous permet de b\u00e9n\u00e9ficier d&rsquo;un cr\u00e9dit d&rsquo;imp\u00f4t de 50 pour cent sur toutes les prestations qui rentrent dans le cadre du service \u00e0 la personne.<\/p>\n<p><a href=\"https:\/\/lovisa-paysagiste-macon.fr\/index.php\/service-a-la-personne\/\">Plus de renseignements <\/a><\/p>\n<p>elle est \u00e9galement membre de l\u2019<strong>UNEP<\/strong> (union nationale des entreprises du paysage ) et poss\u00e8de le label \u00ab\u00a0Expert jardins\u00a0\u00bb .<\/p>\n<p>&nbsp;<\/p>\n<p>Les prestations Sont d\u00e9ductibles fiscalement sous la forme d\u2019une r\u00e9duction ou d\u2019un cr\u00e9dit d\u2019imp\u00f4t de 50% dans la limite d\u2019un plafond de 5000 \u20ac TTC de d\u00e9penses engag\u00e9es par an et par foyer fiscal, soit la possibilit\u00e9 d\u2019\u00e9conomiser jusqu\u2019\u00e0 2500\u20ac \/an .<\/p>\n<p>&nbsp;<\/p>\n<p>Pour tous renseignements : 06 99 00 88 41 \/\u00a0 71000 M\u00e2con<\/p>\n<p><img loading=\"lazy\" decoding=\"async\" class=\"alignnone wp-image-62 size-medium\" title=\"Entretien de jardin Cluny \" src=\"https:\/\/paysagiste-cluny.fr\/wp-content\/uploads\/2018\/06\/unep-300x96.png\" alt=\"Entretien de jardin Cluny \" width=\"300\" height=\"96\" \/><\/p>\n<p>&nbsp;<\/p>\n<p><a href=\"https:\/\/lovisa-paysagiste-macon.fr\/index.php\/paysagiste-macon\/\">Paysagiste M\u00e2con <\/a><\/p>\n<p><a href=\"https:\/\/lovisa-paysagiste-macon.fr\/index.php\/paysagiste-charnay\/\">Paysagiste Charnay les M\u00e2con<\/a><\/p>\n<p><a href=\"https:\/\/lovisa-paysagiste-macon.fr\/index.php\/paysagiste-cluny\/\">Paysagiste Cluny<\/a><\/p>\n<p><a href=\"https:\/\/lovisa-paysagiste-macon.fr\/index.php\/paysagiste-prisse\/\">Paysagiste Priss\u00e9<\/a><\/p>\n<p><a href=\"https:\/\/lovisa-paysagiste-macon.fr\/index.php\/paysagiste-hurigny\/\">Paysagiste hurigny<\/a><\/p>\n<p><a href=\"https:\/\/lovisa-paysagiste-macon.fr\/index.php\/paysagiste-roche-vineuse\/\">Paysagiste Roche Vineuse<\/a><\/p>\n<p><a href=\"https:\/\/lovisa-paysagiste-macon.fr\/index.php\/paysagiste-creches-sur-saone\/\">Paysagiste Cr\u00eaches sur Sa\u00f4ne<\/a><\/p>\n<p><a href=\"https:\/\/lovisa-paysagiste-macon.fr\/index.php\/paysagiste-ige\/\">Paysagiste Ig\u00e9<\/a><\/p>\n<p><a href=\"https:\/\/lovisa-paysagiste-macon.fr\/index.php\/paysagiste-vergisson\/\">Paysagiste vergisson<\/a><\/p>\n<p><a href=\"https:\/\/lovisa-paysagiste-macon.fr\/index.php\/paysagiste-solutre\/\">Paysagiste Solutr\u00e9<\/a><\/p>\n<p><a href=\"https:\/\/lovisa-paysagiste-macon.fr\/index.php\/paysagiste-davaye\/\">Paysagiste Davay\u00e9<\/a><\/p>\n<p>&nbsp;<\/p>\n<p><a href=\"https:\/\/lovisa-paysagiste-macon.fr\/\">Accueil<\/a><\/p>\n","protected":false},"excerpt":{"rendered":"<p>Des sp\u00e9cialistes de l&rsquo;entretien de jardin \u00e0 Cluny L&rsquo;entreprise Lovisa paysagiste M\u00e2con est sp\u00e9cialiste de l&rsquo;entretien\u00a0 de jardins avec Cr\u00e9dit d&rsquo;imp\u00f4t. Avec\u00a0 plus de 20 ans d\u2019exp\u00e9rience\u00a0Lovisa paysagiste Cluny et ses Jardiniers s&rsquo;occupent de votre jardin de mani\u00e8re ponctuelle ou annuelle. Ils r\u00e9alisent pour vous tontes ,tailles de haies , d\u00e9broussaillage , nettoyage de massifs<span class=\"read-more-wrap\"><a class=\"moretag\" href=\"https:\/\/lovisa-paysagiste-macon.fr\/index.php\/entretien-de-jardin-cluny\/\">Lire la suite<span class=\"screen-reader-text\">Entretien de jardin Cluny<\/span><\/a><\/span><\/p>\n","protected":false},"author":1,"featured_media":0,"parent":0,"menu_order":0,"comment_status":"closed","ping_status":"closed","template":"","meta":{"footnotes":""},"class_list":["post-940","page","type-page","status-publish","hentry"],"aioseo_notices":[],"_links":{"self":[{"href":"https:\/\/lovisa-paysagiste-macon.fr\/index.php\/wp-json\/wp\/v2\/pages\/940","targetHints":{"allow":["GET"]}}],"collection":[{"href":"https:\/\/lovisa-paysagiste-macon.fr\/index.php\/wp-json\/wp\/v2\/pages"}],"about":[{"href":"https:\/\/lovisa-paysagiste-macon.fr\/index.php\/wp-json\/wp\/v2\/types\/page"}],"author":[{"embeddable":true,"href":"https:\/\/lovisa-paysagiste-macon.fr\/index.php\/wp-json\/wp\/v2\/users\/1"}],"replies":[{"embeddable":true,"href":"https:\/\/lovisa-paysagiste-macon.fr\/index.php\/wp-json\/wp\/v2\/comments?post=940"}],"version-history":[{"count":2,"href":"https:\/\/lovisa-paysagiste-macon.fr\/index.php\/wp-json\/wp\/v2\/pages\/940\/revisions"}],"predecessor-version":[{"id":952,"href":"https:\/\/lovisa-paysagiste-macon.fr\/index.php\/wp-json\/wp\/v2\/pages\/940\/revisions\/952"}],"wp:attachment":[{"href":"https:\/\/lovisa-paysagiste-macon.fr\/index.php\/wp-json\/wp\/v2\/media?parent=940"}],"curies":[{"name":"wp","href":"https:\/\/api.w.org\/{rel}","templated":true}]}}