{"id":982,"date":"2018-07-08T19:57:10","date_gmt":"2018-07-08T19:57:10","guid":{"rendered":"https:\/\/lovisa-paysagiste-macon.fr\/?page_id=982"},"modified":"2018-07-30T09:05:36","modified_gmt":"2018-07-30T09:05:36","slug":"taille-de-haie-macon-71","status":"publish","type":"page","link":"https:\/\/lovisa-paysagiste-macon.fr\/index.php\/taille-de-haie-macon-71\/","title":{"rendered":"Taille de haie M\u00e2con 71"},"content":{"rendered":"<p><img loading=\"lazy\" decoding=\"async\" class=\"alignnone wp-image-984\" title=\"Taille de haie M\u00e2con 71\" src=\"https:\/\/lovisa-paysagiste-macon.fr\/wp-content\/uploads\/2018\/07\/taille-haie-cypr\u00e8s-300x139.jpg\" alt=\"Taille de haie M\u00e2con 71\" width=\"427\" height=\"198\" srcset=\"https:\/\/lovisa-paysagiste-macon.fr\/wp-content\/uploads\/2018\/07\/taille-haie-cypr\u00e8s-300x139.jpg 300w, https:\/\/lovisa-paysagiste-macon.fr\/wp-content\/uploads\/2018\/07\/taille-haie-cypr\u00e8s-768x355.jpg 768w, https:\/\/lovisa-paysagiste-macon.fr\/wp-content\/uploads\/2018\/07\/taille-haie-cypr\u00e8s-1024x473.jpg 1024w, https:\/\/lovisa-paysagiste-macon.fr\/wp-content\/uploads\/2018\/07\/taille-haie-cypr\u00e8s-730x340.jpg 730w, https:\/\/lovisa-paysagiste-macon.fr\/wp-content\/uploads\/2018\/07\/taille-haie-cypr\u00e8s-500x233.jpg 500w, https:\/\/lovisa-paysagiste-macon.fr\/wp-content\/uploads\/2018\/07\/taille-haie-cypr\u00e8s.jpg 1367w\" sizes=\"auto, (max-width: 427px) 100vw, 427px\" \/><\/p>\n<h2><span style=\"font-size: 14pt;\">M\u00e2con 71 : b\u00e9n\u00e9ficiez d\u2019une taille de haie pas ch\u00e8re<\/span><\/h2>\n<p>La taille de haie est un travail fatiguant et \u00e9prouvant que l&rsquo;entreprise Lovisa paysagiste M\u00e2con r\u00e9alise pour vous\u00a0 en vous faisait des prix tr\u00e8s bas gr\u00e2ce au cr\u00e9dit d&rsquo;imp\u00f4t qui r\u00e9duit de moiti\u00e9 votre Facture\u00a0 . Vous pouvez entrer en contact avec notre entreprise\u00a0 pour demander un devis personnalis\u00e9 de taille haie. Nos prix d\u2019intervention varient selon la nature de votre haie ,sa largeur ou\u00a0 sa hauteur\u00a0 mais il reste toujours correct et dans les prix moyen pratiqu\u00e9s dans la r\u00e9gion . Nos jardiniers utilisent les meilleurs outils et\u00a0 sont form\u00e9s pour satisfaire vos besoins.<\/p>\n<p>L&rsquo;entreprise Lovisa paysagiste est \u00e9galement membre de l\u2019<strong>UNEP<\/strong> (union nationale des entreprises du paysage ) et poss\u00e8de le label \u00ab\u00a0Expert jardins\u00a0\u00bb .<\/p>\n<p>&nbsp;<\/p>\n<p>Les prestations Sont d\u00e9ductibles fiscalement sous la forme d\u2019une r\u00e9duction ou d\u2019un cr\u00e9dit d\u2019imp\u00f4t de 50% dans la limite d\u2019un plafond de 5000 \u20ac TTC de d\u00e9penses engag\u00e9es par an et par foyer fiscal, soit la possibilit\u00e9 d\u2019\u00e9conomiser jusqu\u2019\u00e0 2500\u20ac \/an .<\/p>\n<p>&nbsp;<\/p>\n<p><a href=\"https:\/\/lovisa-paysagiste-macon.fr\/index.php\/service-a-la-personne\/\">Plus de renseignements <\/a> : 06 99 00 88 41<\/p>\n<p><img loading=\"lazy\" decoding=\"async\" class=\"alignnone wp-image-294 size-medium\" title=\"Paysagiste Replonges unep\" src=\"https:\/\/lovisa-paysagiste-macon.fr\/wp-content\/uploads\/2018\/05\/unep-300x96.png\" alt=\"Paysagiste Replonges unep\" width=\"300\" height=\"96\" srcset=\"https:\/\/lovisa-paysagiste-macon.fr\/wp-content\/uploads\/2018\/05\/unep-300x96.png 300w, https:\/\/lovisa-paysagiste-macon.fr\/wp-content\/uploads\/2018\/05\/unep.png 398w\" sizes=\"auto, (max-width: 300px) 100vw, 300px\" \/><\/p>\n<p>&nbsp;<\/p>\n<p><a href=\"https:\/\/lovisa-paysagiste-macon.fr\/index.php\/paysagiste-macon\/\">Paysagiste M\u00e2con <\/a><\/p>\n<p><a href=\"https:\/\/lovisa-paysagiste-macon.fr\/index.php\/paysagiste-charnay\/\">Paysagiste Charnay les M\u00e2con<\/a><\/p>\n<p><a href=\"https:\/\/lovisa-paysagiste-macon.fr\/index.php\/paysagiste-cluny\/\">Paysagiste Cluny<\/a><\/p>\n<p><a href=\"https:\/\/lovisa-paysagiste-macon.fr\/index.php\/paysagiste-prisse\/\">Paysagiste Priss\u00e9<\/a><\/p>\n<p><a href=\"https:\/\/lovisa-paysagiste-macon.fr\/index.php\/paysagiste-hurigny\/\">Paysagiste hurigny<\/a><\/p>\n<p><a href=\"https:\/\/lovisa-paysagiste-macon.fr\/index.php\/paysagiste-roche-vineuse\/\">Paysagiste Roche Vineuse<\/a><\/p>\n<p><a href=\"https:\/\/lovisa-paysagiste-macon.fr\/index.php\/paysagiste-creches-sur-saone\/\">Paysagiste Cr\u00eaches sur Sa\u00f4ne<\/a><\/p>\n<p><a href=\"https:\/\/lovisa-paysagiste-macon.fr\/index.php\/paysagiste-ige\/\">Paysagiste Ig\u00e9<\/a><\/p>\n<p><a href=\"https:\/\/lovisa-paysagiste-macon.fr\/index.php\/paysagiste-vergisson\/\">Paysagiste vergisson<\/a><\/p>\n<p><a href=\"https:\/\/lovisa-paysagiste-macon.fr\/index.php\/paysagiste-solutre\/\">Paysagiste Solutr\u00e9<\/a><\/p>\n<p><a href=\"https:\/\/lovisa-paysagiste-macon.fr\/index.php\/paysagiste-davaye\/\">Paysagiste Davay\u00e9<\/a><\/p>\n<p>&nbsp;<\/p>\n<p><a href=\"https:\/\/lovisa-paysagiste-macon.fr\/\">Accueil<\/a><\/p>\n<p>&nbsp;<\/p>\n","protected":false},"excerpt":{"rendered":"<p>M\u00e2con 71 : b\u00e9n\u00e9ficiez d\u2019une taille de haie pas ch\u00e8re La taille de haie est un travail fatiguant et \u00e9prouvant que l&rsquo;entreprise Lovisa paysagiste M\u00e2con r\u00e9alise pour vous\u00a0 en vous faisait des prix tr\u00e8s bas gr\u00e2ce au cr\u00e9dit d&rsquo;imp\u00f4t qui r\u00e9duit de moiti\u00e9 votre Facture\u00a0 . Vous pouvez entrer en contact avec notre entreprise\u00a0 pour<span class=\"read-more-wrap\"><a class=\"moretag\" href=\"https:\/\/lovisa-paysagiste-macon.fr\/index.php\/taille-de-haie-macon-71\/\">Lire la suite<span class=\"screen-reader-text\">Taille de haie M\u00e2con 71<\/span><\/a><\/span><\/p>\n","protected":false},"author":1,"featured_media":0,"parent":0,"menu_order":0,"comment_status":"closed","ping_status":"closed","template":"","meta":{"footnotes":""},"class_list":["post-982","page","type-page","status-publish","hentry"],"aioseo_notices":[],"_links":{"self":[{"href":"https:\/\/lovisa-paysagiste-macon.fr\/index.php\/wp-json\/wp\/v2\/pages\/982","targetHints":{"allow":["GET"]}}],"collection":[{"href":"https:\/\/lovisa-paysagiste-macon.fr\/index.php\/wp-json\/wp\/v2\/pages"}],"about":[{"href":"https:\/\/lovisa-paysagiste-macon.fr\/index.php\/wp-json\/wp\/v2\/types\/page"}],"author":[{"embeddable":true,"href":"https:\/\/lovisa-paysagiste-macon.fr\/index.php\/wp-json\/wp\/v2\/users\/1"}],"replies":[{"embeddable":true,"href":"https:\/\/lovisa-paysagiste-macon.fr\/index.php\/wp-json\/wp\/v2\/comments?post=982"}],"version-history":[{"count":6,"href":"https:\/\/lovisa-paysagiste-macon.fr\/index.php\/wp-json\/wp\/v2\/pages\/982\/revisions"}],"predecessor-version":[{"id":990,"href":"https:\/\/lovisa-paysagiste-macon.fr\/index.php\/wp-json\/wp\/v2\/pages\/982\/revisions\/990"}],"wp:attachment":[{"href":"https:\/\/lovisa-paysagiste-macon.fr\/index.php\/wp-json\/wp\/v2\/media?parent=982"}],"curies":[{"name":"wp","href":"https:\/\/api.w.org\/{rel}","templated":true}]}}